{"id":9510,"date":"2023-11-14T16:26:47","date_gmt":"2023-11-14T15:26:47","guid":{"rendered":"https:\/\/shop.tablesoccer.org\/?post_type=product&#038;p=9510"},"modified":"2026-04-03T13:53:43","modified_gmt":"2026-04-03T11:53:43","slug":"lot-5-balles-baby-foot-itsf","status":"publish","type":"product","link":"https:\/\/shop.tablesoccer.org\/de\/produkt\/lot-5-balles-baby-foot-itsf\/","title":{"rendered":"Lot 5 Balles baby-foot ITSF"},"content":{"rendered":"<p style=\"font-weight: 400;\"><strong>Beschreibung:<\/strong><\/p>\n<p style=\"font-weight: 400;\">Ce pack rassemble cinq balles de tables de marques reconnues (Bonzini, Tornado, Leonhart, Roberto Sport, Garlando) toutes certifi\u00e9es ITSF.\u2028Une excellente solution pour comparer diff\u00e9rents types de balles et trouver celle qui r\u00e9pond le mieux \u00e0 votre style de jeu ou au mod\u00e8le de baby-foot que vous utilisez.<\/p>\n<p>&nbsp;<\/p>\n<p style=\"font-weight: 400;\"><strong>Eigenschaften:<\/strong><\/p>\n<p style=\"font-weight: 400;\">- Menge: 5 B\u00e4lle<\/p>\n<p style=\"font-weight: 400;\">\u2013 Marques : Bonzini, Tornado, Leonhart, Roberto Sport, Garlando<\/p>\n<p style=\"font-weight: 400;\">ITSF-zertifiziert<\/p>\n<p style=\"font-weight: 400;\">\n<p style=\"font-weight: 400;\">Um sie zu sch\u00fctzen und organisiert zu halten, k\u00f6nnen Sie sie in <a href=\"https:\/\/shop.tablesoccer.org\/de\/produkt\/boite-de-5-balles-de-babyfoot\/\">die Aufbewahrungsbox ITSF<\/a> daf\u00fcr vorgesehenen<\/p>\n<p style=\"font-weight: 400;\">Un pack complet pour d\u00e9couvrir les diff\u00e9rentes sensations de jeu des balles officielles ITSF et affiner votre exp\u00e9rience sur toutes les tables de comp\u00e9tition.<\/p>\n<p style=\"font-weight: 400;\">Finden Sie unsere gesamte Auswahl in der Kategorie: <a href=\"https:\/\/shop.tablesoccer.org\/de\/produkt-kategorie\/equipement\/balles-baby-foot\/\">B\u00e4lle f\u00fcr Tischfu\u00dfball<\/a><\/p>","protected":false},"excerpt":{"rendered":"<p>Un lot de cinq balles certifi\u00e9es International Table Soccer Federation (ITSF) de marques officielles, id\u00e9al pour tester les sensations et choisir celle qui convient \u00e0 votre table.<\/p>","protected":false},"featured_media":0,"comment_status":"open","ping_status":"closed","template":"","meta":[],"product_brand":[],"product_cat":[119,69],"product_tag":[],"class_list":{"0":"post-9510","1":"product","2":"type-product","3":"status-publish","5":"product_cat-balles-baby-foot","6":"product_cat-equipement","8":"first","9":"instock","10":"taxable","11":"shipping-taxable","12":"purchasable","13":"product-type-simple"},"yoast_head":"<!-- This site is optimized with the Yoast SEO plugin v26.5 - https:\/\/yoast.com\/wordpress\/plugins\/seo\/ -->\n<title>Lot 5 Balles baby-foot ITSF - ITSF Boutique officielle<\/title>\n<meta name=\"description\" content=\"Pack 5 balles ITSF : Les cinq balles ITSF dans un seul pack, trouvez la balle de baby-foot qui vous correspond. Commandez-les sur l\u2019ITSF Store !\" \/>\n<meta name=\"robots\" content=\"index, follow, max-snippet:-1, max-image-preview:large, max-video-preview:-1\" \/>\n<link rel=\"canonical\" href=\"https:\/\/shop.tablesoccer.org\/de\/produkt\/lot-5-balles-baby-foot-itsf\/\" \/>\n<meta property=\"og:locale\" content=\"de_DE\" \/>\n<meta property=\"og:type\" content=\"article\" \/>\n<meta property=\"og:title\" content=\"Lot 5 Balles baby-foot ITSF - ITSF Boutique officielle\" \/>\n<meta property=\"og:description\" content=\"Pack 5 balles ITSF : Les cinq balles ITSF dans un seul pack, trouvez la balle de baby-foot qui vous correspond. Commandez-les sur l\u2019ITSF Store !\" \/>\n<meta property=\"og:url\" content=\"https:\/\/shop.tablesoccer.org\/de\/produkt\/lot-5-balles-baby-foot-itsf\/\" \/>\n<meta property=\"og:site_name\" content=\"ITSF Boutique officielle\" \/>\n<meta property=\"article:modified_time\" content=\"2026-04-03T11:53:43+00:00\" \/>\n<meta property=\"og:image\" content=\"https:\/\/shop.tablesoccer.org\/wp-content\/uploads\/2023\/11\/fiche-balle-store-2.png\" \/>\n\t<meta property=\"og:image:width\" content=\"459\" \/>\n\t<meta property=\"og:image:height\" content=\"449\" \/>\n\t<meta property=\"og:image:type\" content=\"image\/png\" \/>\n<meta name=\"twitter:card\" content=\"summary_large_image\" \/>\n<meta name=\"twitter:label1\" content=\"Gesch\u00e4tzte Lesezeit\" \/>\n\t<meta name=\"twitter:data1\" content=\"1\u00a0Minute\" \/>\n<script type=\"application\/ld+json\" class=\"yoast-schema-graph\">{\"@context\":\"https:\/\/schema.org\",\"@graph\":[{\"@type\":\"WebPage\",\"@id\":\"https:\/\/shop.tablesoccer.org\/produit\/lot-5-balles-baby-foot-itsf\/\",\"url\":\"https:\/\/shop.tablesoccer.org\/produit\/lot-5-balles-baby-foot-itsf\/\",\"name\":\"Lot 5 Balles baby-foot ITSF - ITSF Boutique officielle\",\"isPartOf\":{\"@id\":\"https:\/\/shop.tablesoccer.org\/#website\"},\"datePublished\":\"2023-11-14T15:26:47+00:00\",\"dateModified\":\"2026-04-03T11:53:43+00:00\",\"description\":\"Pack 5 balles ITSF : Les cinq balles ITSF dans un seul pack, trouvez la balle de baby-foot qui vous correspond. Commandez-les sur l\u2019ITSF Store !\",\"breadcrumb\":{\"@id\":\"https:\/\/shop.tablesoccer.org\/produit\/lot-5-balles-baby-foot-itsf\/#breadcrumb\"},\"inLanguage\":\"de\",\"potentialAction\":[{\"@type\":\"ReadAction\",\"target\":[\"https:\/\/shop.tablesoccer.org\/produit\/lot-5-balles-baby-foot-itsf\/\"]}]},{\"@type\":\"BreadcrumbList\",\"@id\":\"https:\/\/shop.tablesoccer.org\/produit\/lot-5-balles-baby-foot-itsf\/#breadcrumb\",\"itemListElement\":[{\"@type\":\"ListItem\",\"position\":1,\"name\":\"Accueil\",\"item\":\"https:\/\/shop.tablesoccer.org\/\"},{\"@type\":\"ListItem\",\"position\":2,\"name\":\"Boutique\",\"item\":\"https:\/\/shop.tablesoccer.org\/accueil\/boutique\/\"},{\"@type\":\"ListItem\",\"position\":3,\"name\":\"Lot 5 Balles baby-foot ITSF\"}]},{\"@type\":\"WebSite\",\"@id\":\"https:\/\/shop.tablesoccer.org\/#website\",\"url\":\"https:\/\/shop.tablesoccer.org\/\",\"name\":\"ITSF Boutique officielle\",\"description\":\"\",\"potentialAction\":[{\"@type\":\"SearchAction\",\"target\":{\"@type\":\"EntryPoint\",\"urlTemplate\":\"https:\/\/shop.tablesoccer.org\/?s={search_term_string}\"},\"query-input\":{\"@type\":\"PropertyValueSpecification\",\"valueRequired\":true,\"valueName\":\"search_term_string\"}}],\"inLanguage\":\"de\"}]}<\/script>\n<!-- \/ Yoast SEO plugin. -->","yoast_head_json":{"title":"Lot 5 Balles baby-foot ITSF - ITSF Boutique officielle","description":"Pack 5 balles ITSF : Les cinq balles ITSF dans un seul pack, trouvez la balle de baby-foot qui vous correspond. Commandez-les sur l\u2019ITSF Store !","robots":{"index":"index","follow":"follow","max-snippet":"max-snippet:-1","max-image-preview":"max-image-preview:large","max-video-preview":"max-video-preview:-1"},"canonical":"https:\/\/shop.tablesoccer.org\/de\/produkt\/lot-5-balles-baby-foot-itsf\/","og_locale":"de_DE","og_type":"article","og_title":"Lot 5 Balles baby-foot ITSF - ITSF Boutique officielle","og_description":"Pack 5 balles ITSF : Les cinq balles ITSF dans un seul pack, trouvez la balle de baby-foot qui vous correspond. Commandez-les sur l\u2019ITSF Store !","og_url":"https:\/\/shop.tablesoccer.org\/de\/produkt\/lot-5-balles-baby-foot-itsf\/","og_site_name":"ITSF Boutique officielle","article_modified_time":"2026-04-03T11:53:43+00:00","og_image":[{"width":459,"height":449,"url":"https:\/\/shop.tablesoccer.org\/wp-content\/uploads\/2023\/11\/fiche-balle-store-2.png","type":"image\/png"}],"twitter_card":"summary_large_image","twitter_misc":{"Gesch\u00e4tzte Lesezeit":"1\u00a0Minute"},"schema":{"@context":"https:\/\/schema.org","@graph":[{"@type":"WebPage","@id":"https:\/\/shop.tablesoccer.org\/produit\/lot-5-balles-baby-foot-itsf\/","url":"https:\/\/shop.tablesoccer.org\/produit\/lot-5-balles-baby-foot-itsf\/","name":"Lot 5 Balles baby-foot ITSF - ITSF Boutique officielle","isPartOf":{"@id":"https:\/\/shop.tablesoccer.org\/#website"},"datePublished":"2023-11-14T15:26:47+00:00","dateModified":"2026-04-03T11:53:43+00:00","description":"Pack 5 balles ITSF : Les cinq balles ITSF dans un seul pack, trouvez la balle de baby-foot qui vous correspond. Commandez-les sur l\u2019ITSF Store !","breadcrumb":{"@id":"https:\/\/shop.tablesoccer.org\/produit\/lot-5-balles-baby-foot-itsf\/#breadcrumb"},"inLanguage":"de","potentialAction":[{"@type":"ReadAction","target":["https:\/\/shop.tablesoccer.org\/produit\/lot-5-balles-baby-foot-itsf\/"]}]},{"@type":"BreadcrumbList","@id":"https:\/\/shop.tablesoccer.org\/produit\/lot-5-balles-baby-foot-itsf\/#breadcrumb","itemListElement":[{"@type":"ListItem","position":1,"name":"Accueil","item":"https:\/\/shop.tablesoccer.org\/"},{"@type":"ListItem","position":2,"name":"Boutique","item":"https:\/\/shop.tablesoccer.org\/accueil\/boutique\/"},{"@type":"ListItem","position":3,"name":"Lot 5 Balles baby-foot ITSF"}]},{"@type":"WebSite","@id":"https:\/\/shop.tablesoccer.org\/#website","url":"https:\/\/shop.tablesoccer.org\/","name":"ITSF Boutique officielle","description":"","potentialAction":[{"@type":"SearchAction","target":{"@type":"EntryPoint","urlTemplate":"https:\/\/shop.tablesoccer.org\/?s={search_term_string}"},"query-input":{"@type":"PropertyValueSpecification","valueRequired":true,"valueName":"search_term_string"}}],"inLanguage":"de"}]}},"_links":{"self":[{"href":"https:\/\/shop.tablesoccer.org\/de\/wp-json\/wp\/v2\/product\/9510","targetHints":{"allow":["GET"]}}],"collection":[{"href":"https:\/\/shop.tablesoccer.org\/de\/wp-json\/wp\/v2\/product"}],"about":[{"href":"https:\/\/shop.tablesoccer.org\/de\/wp-json\/wp\/v2\/types\/product"}],"replies":[{"embeddable":true,"href":"https:\/\/shop.tablesoccer.org\/de\/wp-json\/wp\/v2\/comments?post=9510"}],"wp:attachment":[{"href":"https:\/\/shop.tablesoccer.org\/de\/wp-json\/wp\/v2\/media?parent=9510"}],"wp:term":[{"taxonomy":"product_brand","embeddable":true,"href":"https:\/\/shop.tablesoccer.org\/de\/wp-json\/wp\/v2\/product_brand?post=9510"},{"taxonomy":"product_cat","embeddable":true,"href":"https:\/\/shop.tablesoccer.org\/de\/wp-json\/wp\/v2\/product_cat?post=9510"},{"taxonomy":"product_tag","embeddable":true,"href":"https:\/\/shop.tablesoccer.org\/de\/wp-json\/wp\/v2\/product_tag?post=9510"}],"curies":[{"name":"wp","href":"https:\/\/api.w.org\/{rel}","templated":true}]}}