{"id":9504,"date":"2023-11-14T16:26:32","date_gmt":"2023-11-14T15:26:32","guid":{"rendered":"https:\/\/shop.tablesoccer.org\/?post_type=product&#038;p=9504"},"modified":"2026-03-15T22:03:04","modified_gmt":"2026-03-15T21:03:04","slug":"lot-5-anciennes-balles-baby-foot-roberto-sport","status":"publish","type":"product","link":"https:\/\/shop.tablesoccer.org\/de\/produkt\/lot-5-anciennes-balles-baby-foot-roberto-sport\/","title":{"rendered":"Lot 5 alte Roberto Sport Tischfussball"},"content":{"rendered":"<p style=\"font-weight: 400;\"><strong>Beschreibung:\u00a0<\/strong><\/p>\n<p style=\"font-weight: 400;\">Diese Packung enth\u00e4lt f\u00fcnf alte offizielle Roberto Sport-B\u00e4lle, ideal f\u00fcr die Freizeit, das Training oder um mit der Ber\u00fchrung der ersten Generationen zu spielen. Ihre Oberfl\u00e4che bietet einen guten Kompromiss zwischen Kontrolle und Gleitf\u00e4higkeit, getreu dem Geist der Roberto Sport-Babyf\u00fc\u00dfe.<\/p>\n<p>&nbsp;<\/p>\n<p style=\"font-weight: 400;\"><strong>Eigenschaften:<\/strong><\/p>\n<p style=\"font-weight: 400;\">\u2013 Set mit 5 B\u00e4llen<\/p>\n<p style=\"font-weight: 400;\">- Marke: Roberto Sport<\/p>\n<p style=\"font-weight: 400;\">\u2013Farbe: gelb<\/p>\n<p>&nbsp;<\/p>\n<p style=\"font-weight: 400;\"><strong>Pflegehinweise<\/strong><\/p>\n<p style=\"font-weight: 400;\">Wischen Sie die B\u00e4lle nach jedem Spiel mit einem trockenen Tuch ab, um ihre Oberfl\u00e4che und Spieleigenschaften zu erhalten.<\/p>\n<p style=\"font-weight: 400;\">Um sie zu sch\u00fctzen und organisiert zu halten, k\u00f6nnen Sie sie in <a href=\"https:\/\/shop.tablesoccer.org\/de\/produkt\/boite-de-5-balles-de-babyfoot\/\">die Aufbewahrungsbox ITSF<\/a> daf\u00fcr vorgesehenen<\/p>\n<div><span lang=\"EN-US\">\u2028<\/span><\/div>\n<div>Ein praktisches und Vintage-Paket, um das Spiel auf die Art der Roberto Sport-Babyf\u00fc\u00dfe von fr\u00fcher neu zu entdecken.<\/div>\n<p style=\"font-weight: 400;\">Finden Sie unsere gesamte Auswahl in der Kategorie: <a href=\"https:\/\/shop.tablesoccer.org\/de\/produkt-kategorie\/equipement\/balles-baby-foot\/\">B\u00e4lle f\u00fcr Tischfu\u00dfball<\/a><\/p>","protected":false},"excerpt":{"rendered":"<p style=\"font-weight: 400;\">Lot von 5 B\u00e4llen Roberto Sport, altes Modell. Perfekt, um die Empfindungen des Spiels der Zeit wiederzufinden oder einfach Ihre Sammlung zu erweitern.<\/p>","protected":false},"featured_media":9546,"comment_status":"open","ping_status":"closed","template":"","meta":[],"product_brand":[],"product_cat":[119,69,147],"product_tag":[],"class_list":{"0":"post-9504","1":"product","2":"type-product","3":"status-publish","4":"has-post-thumbnail","6":"product_cat-balles-baby-foot","7":"product_cat-equipement","8":"product_cat-promotions","10":"first","11":"instock","12":"sale","13":"taxable","14":"shipping-taxable","15":"purchasable","16":"product-type-simple"},"yoast_head":"<!-- This site is optimized with the Yoast SEO plugin v26.5 - https:\/\/yoast.com\/wordpress\/plugins\/seo\/ -->\n<title>Lot 5 anciennes balles baby-foot Roberto Sport - ITSF Boutique officielle<\/title>\n<meta name=\"description\" content=\"Red\u00e9couvrez les sensations d&#039;origine avec ce lot de 5 anciennes balles Roberto Sport, parfait pour un jeu sur votre baby-foot. Commandez sur ITSF\" \/>\n<meta name=\"robots\" content=\"index, follow, max-snippet:-1, max-image-preview:large, max-video-preview:-1\" \/>\n<link rel=\"canonical\" href=\"https:\/\/shop.tablesoccer.org\/de\/produkt\/lot-5-anciennes-balles-baby-foot-roberto-sport\/\" \/>\n<meta property=\"og:locale\" content=\"de_DE\" \/>\n<meta property=\"og:type\" content=\"article\" \/>\n<meta property=\"og:title\" content=\"Lot 5 anciennes balles baby-foot Roberto Sport - ITSF Boutique officielle\" \/>\n<meta property=\"og:description\" content=\"Red\u00e9couvrez les sensations d&#039;origine avec ce lot de 5 anciennes balles Roberto Sport, parfait pour un jeu sur votre baby-foot. Commandez sur ITSF\" \/>\n<meta property=\"og:url\" content=\"https:\/\/shop.tablesoccer.org\/de\/produkt\/lot-5-anciennes-balles-baby-foot-roberto-sport\/\" \/>\n<meta property=\"og:site_name\" content=\"ITSF Boutique officielle\" \/>\n<meta property=\"article:modified_time\" content=\"2026-03-15T21:03:04+00:00\" \/>\n<meta property=\"og:image\" content=\"https:\/\/shop.tablesoccer.org\/wp-content\/uploads\/2023\/11\/pack_5_balles_roberto.png\" \/>\n\t<meta property=\"og:image:width\" content=\"1600\" \/>\n\t<meta property=\"og:image:height\" content=\"1600\" \/>\n\t<meta property=\"og:image:type\" content=\"image\/png\" \/>\n<meta name=\"twitter:card\" content=\"summary_large_image\" \/>\n<meta name=\"twitter:label1\" content=\"Gesch\u00e4tzte Lesezeit\" \/>\n\t<meta name=\"twitter:data1\" content=\"1\u00a0Minute\" \/>\n<script type=\"application\/ld+json\" class=\"yoast-schema-graph\">{\"@context\":\"https:\/\/schema.org\",\"@graph\":[{\"@type\":\"WebPage\",\"@id\":\"https:\/\/shop.tablesoccer.org\/produit\/lot-5-anciennes-balles-baby-foot-roberto-sport\/\",\"url\":\"https:\/\/shop.tablesoccer.org\/produit\/lot-5-anciennes-balles-baby-foot-roberto-sport\/\",\"name\":\"Lot 5 anciennes balles baby-foot Roberto Sport - ITSF Boutique officielle\",\"isPartOf\":{\"@id\":\"https:\/\/shop.tablesoccer.org\/#website\"},\"primaryImageOfPage\":{\"@id\":\"https:\/\/shop.tablesoccer.org\/produit\/lot-5-anciennes-balles-baby-foot-roberto-sport\/#primaryimage\"},\"image\":{\"@id\":\"https:\/\/shop.tablesoccer.org\/produit\/lot-5-anciennes-balles-baby-foot-roberto-sport\/#primaryimage\"},\"thumbnailUrl\":\"https:\/\/shop.tablesoccer.org\/wp-content\/uploads\/2023\/11\/pack_5_balles_roberto.png\",\"datePublished\":\"2023-11-14T15:26:32+00:00\",\"dateModified\":\"2026-03-15T21:03:04+00:00\",\"description\":\"Red\u00e9couvrez les sensations d'origine avec ce lot de 5 anciennes balles Roberto Sport, parfait pour un jeu sur votre baby-foot. Commandez sur ITSF\",\"breadcrumb\":{\"@id\":\"https:\/\/shop.tablesoccer.org\/produit\/lot-5-anciennes-balles-baby-foot-roberto-sport\/#breadcrumb\"},\"inLanguage\":\"de\",\"potentialAction\":[{\"@type\":\"ReadAction\",\"target\":[\"https:\/\/shop.tablesoccer.org\/produit\/lot-5-anciennes-balles-baby-foot-roberto-sport\/\"]}]},{\"@type\":\"ImageObject\",\"inLanguage\":\"de\",\"@id\":\"https:\/\/shop.tablesoccer.org\/produit\/lot-5-anciennes-balles-baby-foot-roberto-sport\/#primaryimage\",\"url\":\"https:\/\/shop.tablesoccer.org\/wp-content\/uploads\/2023\/11\/pack_5_balles_roberto.png\",\"contentUrl\":\"https:\/\/shop.tablesoccer.org\/wp-content\/uploads\/2023\/11\/pack_5_balles_roberto.png\",\"width\":1600,\"height\":1600},{\"@type\":\"BreadcrumbList\",\"@id\":\"https:\/\/shop.tablesoccer.org\/produit\/lot-5-anciennes-balles-baby-foot-roberto-sport\/#breadcrumb\",\"itemListElement\":[{\"@type\":\"ListItem\",\"position\":1,\"name\":\"Accueil\",\"item\":\"https:\/\/shop.tablesoccer.org\/\"},{\"@type\":\"ListItem\",\"position\":2,\"name\":\"Boutique\",\"item\":\"https:\/\/shop.tablesoccer.org\/accueil\/boutique\/\"},{\"@type\":\"ListItem\",\"position\":3,\"name\":\"Lot 5 anciennes balles baby-foot Roberto Sport\"}]},{\"@type\":\"WebSite\",\"@id\":\"https:\/\/shop.tablesoccer.org\/#website\",\"url\":\"https:\/\/shop.tablesoccer.org\/\",\"name\":\"ITSF Boutique officielle\",\"description\":\"\",\"potentialAction\":[{\"@type\":\"SearchAction\",\"target\":{\"@type\":\"EntryPoint\",\"urlTemplate\":\"https:\/\/shop.tablesoccer.org\/?s={search_term_string}\"},\"query-input\":{\"@type\":\"PropertyValueSpecification\",\"valueRequired\":true,\"valueName\":\"search_term_string\"}}],\"inLanguage\":\"de\"}]}<\/script>\n<!-- \/ Yoast SEO plugin. -->","yoast_head_json":{"title":"Lot 5 anciennes balles baby-foot Roberto Sport - ITSF Boutique officielle","description":"Red\u00e9couvrez les sensations d'origine avec ce lot de 5 anciennes balles Roberto Sport, parfait pour un jeu sur votre baby-foot. Commandez sur ITSF","robots":{"index":"index","follow":"follow","max-snippet":"max-snippet:-1","max-image-preview":"max-image-preview:large","max-video-preview":"max-video-preview:-1"},"canonical":"https:\/\/shop.tablesoccer.org\/de\/produkt\/lot-5-anciennes-balles-baby-foot-roberto-sport\/","og_locale":"de_DE","og_type":"article","og_title":"Lot 5 anciennes balles baby-foot Roberto Sport - ITSF Boutique officielle","og_description":"Red\u00e9couvrez les sensations d'origine avec ce lot de 5 anciennes balles Roberto Sport, parfait pour un jeu sur votre baby-foot. Commandez sur ITSF","og_url":"https:\/\/shop.tablesoccer.org\/de\/produkt\/lot-5-anciennes-balles-baby-foot-roberto-sport\/","og_site_name":"ITSF Boutique officielle","article_modified_time":"2026-03-15T21:03:04+00:00","og_image":[{"width":1600,"height":1600,"url":"https:\/\/shop.tablesoccer.org\/wp-content\/uploads\/2023\/11\/pack_5_balles_roberto.png","type":"image\/png"}],"twitter_card":"summary_large_image","twitter_misc":{"Gesch\u00e4tzte Lesezeit":"1\u00a0Minute"},"schema":{"@context":"https:\/\/schema.org","@graph":[{"@type":"WebPage","@id":"https:\/\/shop.tablesoccer.org\/produit\/lot-5-anciennes-balles-baby-foot-roberto-sport\/","url":"https:\/\/shop.tablesoccer.org\/produit\/lot-5-anciennes-balles-baby-foot-roberto-sport\/","name":"Lot 5 anciennes balles baby-foot Roberto Sport - ITSF Boutique officielle","isPartOf":{"@id":"https:\/\/shop.tablesoccer.org\/#website"},"primaryImageOfPage":{"@id":"https:\/\/shop.tablesoccer.org\/produit\/lot-5-anciennes-balles-baby-foot-roberto-sport\/#primaryimage"},"image":{"@id":"https:\/\/shop.tablesoccer.org\/produit\/lot-5-anciennes-balles-baby-foot-roberto-sport\/#primaryimage"},"thumbnailUrl":"https:\/\/shop.tablesoccer.org\/wp-content\/uploads\/2023\/11\/pack_5_balles_roberto.png","datePublished":"2023-11-14T15:26:32+00:00","dateModified":"2026-03-15T21:03:04+00:00","description":"Red\u00e9couvrez les sensations d'origine avec ce lot de 5 anciennes balles Roberto Sport, parfait pour un jeu sur votre baby-foot. Commandez sur ITSF","breadcrumb":{"@id":"https:\/\/shop.tablesoccer.org\/produit\/lot-5-anciennes-balles-baby-foot-roberto-sport\/#breadcrumb"},"inLanguage":"de","potentialAction":[{"@type":"ReadAction","target":["https:\/\/shop.tablesoccer.org\/produit\/lot-5-anciennes-balles-baby-foot-roberto-sport\/"]}]},{"@type":"ImageObject","inLanguage":"de","@id":"https:\/\/shop.tablesoccer.org\/produit\/lot-5-anciennes-balles-baby-foot-roberto-sport\/#primaryimage","url":"https:\/\/shop.tablesoccer.org\/wp-content\/uploads\/2023\/11\/pack_5_balles_roberto.png","contentUrl":"https:\/\/shop.tablesoccer.org\/wp-content\/uploads\/2023\/11\/pack_5_balles_roberto.png","width":1600,"height":1600},{"@type":"BreadcrumbList","@id":"https:\/\/shop.tablesoccer.org\/produit\/lot-5-anciennes-balles-baby-foot-roberto-sport\/#breadcrumb","itemListElement":[{"@type":"ListItem","position":1,"name":"Accueil","item":"https:\/\/shop.tablesoccer.org\/"},{"@type":"ListItem","position":2,"name":"Boutique","item":"https:\/\/shop.tablesoccer.org\/accueil\/boutique\/"},{"@type":"ListItem","position":3,"name":"Lot 5 anciennes balles baby-foot Roberto Sport"}]},{"@type":"WebSite","@id":"https:\/\/shop.tablesoccer.org\/#website","url":"https:\/\/shop.tablesoccer.org\/","name":"ITSF Boutique officielle","description":"","potentialAction":[{"@type":"SearchAction","target":{"@type":"EntryPoint","urlTemplate":"https:\/\/shop.tablesoccer.org\/?s={search_term_string}"},"query-input":{"@type":"PropertyValueSpecification","valueRequired":true,"valueName":"search_term_string"}}],"inLanguage":"de"}]}},"_links":{"self":[{"href":"https:\/\/shop.tablesoccer.org\/de\/wp-json\/wp\/v2\/product\/9504","targetHints":{"allow":["GET"]}}],"collection":[{"href":"https:\/\/shop.tablesoccer.org\/de\/wp-json\/wp\/v2\/product"}],"about":[{"href":"https:\/\/shop.tablesoccer.org\/de\/wp-json\/wp\/v2\/types\/product"}],"replies":[{"embeddable":true,"href":"https:\/\/shop.tablesoccer.org\/de\/wp-json\/wp\/v2\/comments?post=9504"}],"wp:featuredmedia":[{"embeddable":true,"href":"https:\/\/shop.tablesoccer.org\/de\/wp-json\/wp\/v2\/media\/9546"}],"wp:attachment":[{"href":"https:\/\/shop.tablesoccer.org\/de\/wp-json\/wp\/v2\/media?parent=9504"}],"wp:term":[{"taxonomy":"product_brand","embeddable":true,"href":"https:\/\/shop.tablesoccer.org\/de\/wp-json\/wp\/v2\/product_brand?post=9504"},{"taxonomy":"product_cat","embeddable":true,"href":"https:\/\/shop.tablesoccer.org\/de\/wp-json\/wp\/v2\/product_cat?post=9504"},{"taxonomy":"product_tag","embeddable":true,"href":"https:\/\/shop.tablesoccer.org\/de\/wp-json\/wp\/v2\/product_tag?post=9504"}],"curies":[{"name":"wp","href":"https:\/\/api.w.org\/{rel}","templated":true}]}}