{"id":12245,"date":"2025-10-07T10:10:41","date_gmt":"2025-10-07T08:10:41","guid":{"rendered":"https:\/\/shop.tablesoccer.org\/?post_type=product&#038;p=12245"},"modified":"2026-02-17T11:40:55","modified_gmt":"2026-02-17T10:40:55","slug":"t-shirt-baby-foot-coupe-du-monde-2025","status":"publish","type":"product","link":"https:\/\/shop.tablesoccer.org\/de\/produkt\/t-shirt-baby-foot-coupe-du-monde-2025\/","title":{"rendered":"T-Shirt der Tischfu\u00dfball-Weltmeisterschaft 2022"},"content":{"rendered":"<p><strong>Beschreibung:<\/strong><\/p>\n<p>Das offizielle T-Shirt der Fu\u00dfball-Weltmeisterschaft ITSF 2025 feiert eines der gr\u00f6\u00dften internationalen Fu\u00dfballturniere, das im Jahr 2025 in Zaragoza stattfindet.<br \/>\nDieses bequeme, elegante und symbolische T-Shirt tr\u00e4gt stolz das offizielle WM-Logo sowie die Logos der Partner ITSF, Philoro, Infinity, Dynatech, Arag\u00f3n Turismo und Zaragoza.<\/p>\n<p><strong>Eigenschaften:<\/strong><\/p>\n<p>Material: 100% Milk Fiber Fabric<br \/>\n- Schnitt: Unisex<\/p>\n<p>Klein schneiden, 1 bis 2 Gr\u00f6\u00dfen \u00fcber Ihre \u00fcbliche Gr\u00f6\u00dfe<br \/>\nBeispiel: Ich mache XS, nehme S und M.<\/p>\n<p>- Offizielle WM 2025 Logos und ITSF Sponsoren<\/p>\n<p>&nbsp;<\/p>\n<p><strong>Pflegetipp<\/strong><\/p>\n<p>Bei 30\u00b0C verkehrt herum mit \u00e4hnlichen Farben waschen. Vermeiden Sie den Trockner und das direkte B\u00fcgeln auf den Drucken, um die Qualit\u00e4t des Stoffes und der Logos zu erhalten.<\/p>\n<p>Ideal f\u00fcr Spieler, Fans und Sammler ist es ein Symbol der ITSF 2025 Weltcup.<\/p>\n<p>Finden Sie auch andere offizielle Produkte in der Kategorie: <a href=\"https:\/\/shop.tablesoccer.org\/de\/produkt-kategorie\/accessoires-goodies\/t-shirts-baby-foot\/\"><u>Kicker-T-shirt<\/u><\/a><\/p>","protected":false},"excerpt":{"rendered":"<p>Das offizielle T-Shirt der ITSF 2025 Fu\u00dfball Weltmeisterschaft wurde f\u00fcr die Veranstaltung in Saragossa entworfen. Hergestellt aus Milk Fiber Fabric, tr\u00e4gt er die offiziellen Logos des Wettbewerbs und seiner Sponsoren.<\/p>","protected":false},"featured_media":12246,"comment_status":"open","ping_status":"closed","template":"","meta":[],"product_brand":[],"product_cat":[98,171,162],"product_tag":[],"class_list":{"0":"post-12245","1":"product","2":"type-product","3":"status-publish","4":"has-post-thumbnail","6":"product_cat-accessoires-goodies","7":"product_cat-equipements-joueurs-baby-foot","8":"product_cat-t-shirts-baby-foot","10":"first","11":"instock","12":"taxable","13":"shipping-taxable","14":"purchasable","15":"product-type-variable"},"yoast_head":"<!-- This site is optimized with the Yoast SEO plugin v26.5 - https:\/\/yoast.com\/wordpress\/plugins\/seo\/ -->\n<title>T-shirt coupe du monde de baby-foot 2025 - ITSF Boutique officielle<\/title>\n<meta name=\"description\" content=\"Le T-Shirt officiel de la Coupe du Monde de baby-foot ITSF 2025 fabriqu\u00e9 en Milk Fiber Fabric, arbore les logos officiels de ses sponsors.\" \/>\n<meta name=\"robots\" content=\"index, follow, max-snippet:-1, max-image-preview:large, max-video-preview:-1\" \/>\n<link rel=\"canonical\" href=\"https:\/\/shop.tablesoccer.org\/de\/produkt\/t-shirt-baby-foot-coupe-du-monde-2025\/\" \/>\n<meta property=\"og:locale\" content=\"de_DE\" \/>\n<meta property=\"og:type\" content=\"article\" \/>\n<meta property=\"og:title\" content=\"T-shirt coupe du monde de baby-foot 2025 - ITSF Boutique officielle\" \/>\n<meta property=\"og:description\" content=\"Le T-Shirt officiel de la Coupe du Monde de baby-foot ITSF 2025 fabriqu\u00e9 en Milk Fiber Fabric, arbore les logos officiels de ses sponsors.\" \/>\n<meta property=\"og:url\" content=\"https:\/\/shop.tablesoccer.org\/de\/produkt\/t-shirt-baby-foot-coupe-du-monde-2025\/\" \/>\n<meta property=\"og:site_name\" content=\"ITSF Boutique officielle\" \/>\n<meta property=\"article:modified_time\" content=\"2026-02-17T10:40:55+00:00\" \/>\n<meta property=\"og:image\" content=\"https:\/\/shop.tablesoccer.org\/wp-content\/uploads\/2025\/10\/IMG_3264-scaled.png\" \/>\n\t<meta property=\"og:image:width\" content=\"2560\" \/>\n\t<meta property=\"og:image:height\" content=\"2560\" \/>\n\t<meta property=\"og:image:type\" content=\"image\/png\" \/>\n<meta name=\"twitter:card\" content=\"summary_large_image\" \/>\n<meta name=\"twitter:label1\" content=\"Gesch\u00e4tzte Lesezeit\" \/>\n\t<meta name=\"twitter:data1\" content=\"2\u00a0Minuten\" \/>\n<script type=\"application\/ld+json\" class=\"yoast-schema-graph\">{\"@context\":\"https:\/\/schema.org\",\"@graph\":[{\"@type\":\"WebPage\",\"@id\":\"https:\/\/shop.tablesoccer.org\/produit\/t-shirt-baby-foot-coupe-du-monde-2025\/\",\"url\":\"https:\/\/shop.tablesoccer.org\/produit\/t-shirt-baby-foot-coupe-du-monde-2025\/\",\"name\":\"T-shirt coupe du monde de baby-foot 2025 - ITSF Boutique officielle\",\"isPartOf\":{\"@id\":\"https:\/\/shop.tablesoccer.org\/#website\"},\"primaryImageOfPage\":{\"@id\":\"https:\/\/shop.tablesoccer.org\/produit\/t-shirt-baby-foot-coupe-du-monde-2025\/#primaryimage\"},\"image\":{\"@id\":\"https:\/\/shop.tablesoccer.org\/produit\/t-shirt-baby-foot-coupe-du-monde-2025\/#primaryimage\"},\"thumbnailUrl\":\"https:\/\/shop.tablesoccer.org\/wp-content\/uploads\/2025\/10\/IMG_3264-scaled.png\",\"datePublished\":\"2025-10-07T08:10:41+00:00\",\"dateModified\":\"2026-02-17T10:40:55+00:00\",\"description\":\"Le T-Shirt officiel de la Coupe du Monde de baby-foot ITSF 2025 fabriqu\u00e9 en Milk Fiber Fabric, arbore les logos officiels de ses sponsors.\",\"breadcrumb\":{\"@id\":\"https:\/\/shop.tablesoccer.org\/produit\/t-shirt-baby-foot-coupe-du-monde-2025\/#breadcrumb\"},\"inLanguage\":\"de\",\"potentialAction\":[{\"@type\":\"ReadAction\",\"target\":[\"https:\/\/shop.tablesoccer.org\/produit\/t-shirt-baby-foot-coupe-du-monde-2025\/\"]}]},{\"@type\":\"ImageObject\",\"inLanguage\":\"de\",\"@id\":\"https:\/\/shop.tablesoccer.org\/produit\/t-shirt-baby-foot-coupe-du-monde-2025\/#primaryimage\",\"url\":\"https:\/\/shop.tablesoccer.org\/wp-content\/uploads\/2025\/10\/IMG_3264-scaled.png\",\"contentUrl\":\"https:\/\/shop.tablesoccer.org\/wp-content\/uploads\/2025\/10\/IMG_3264-scaled.png\",\"width\":2560,\"height\":2560,\"caption\":\"t-shirt wolrd cup 2025 front\"},{\"@type\":\"BreadcrumbList\",\"@id\":\"https:\/\/shop.tablesoccer.org\/produit\/t-shirt-baby-foot-coupe-du-monde-2025\/#breadcrumb\",\"itemListElement\":[{\"@type\":\"ListItem\",\"position\":1,\"name\":\"Accueil\",\"item\":\"https:\/\/shop.tablesoccer.org\/\"},{\"@type\":\"ListItem\",\"position\":2,\"name\":\"Boutique\",\"item\":\"https:\/\/shop.tablesoccer.org\/accueil\/boutique\/\"},{\"@type\":\"ListItem\",\"position\":3,\"name\":\"T-shirt coupe du monde de baby-foot 2025\"}]},{\"@type\":\"WebSite\",\"@id\":\"https:\/\/shop.tablesoccer.org\/#website\",\"url\":\"https:\/\/shop.tablesoccer.org\/\",\"name\":\"ITSF Boutique officielle\",\"description\":\"\",\"potentialAction\":[{\"@type\":\"SearchAction\",\"target\":{\"@type\":\"EntryPoint\",\"urlTemplate\":\"https:\/\/shop.tablesoccer.org\/?s={search_term_string}\"},\"query-input\":{\"@type\":\"PropertyValueSpecification\",\"valueRequired\":true,\"valueName\":\"search_term_string\"}}],\"inLanguage\":\"de\"}]}<\/script>\n<!-- \/ Yoast SEO plugin. -->","yoast_head_json":{"title":"T-shirt coupe du monde de baby-foot 2025 - ITSF Boutique officielle","description":"Le T-Shirt officiel de la Coupe du Monde de baby-foot ITSF 2025 fabriqu\u00e9 en Milk Fiber Fabric, arbore les logos officiels de ses sponsors.","robots":{"index":"index","follow":"follow","max-snippet":"max-snippet:-1","max-image-preview":"max-image-preview:large","max-video-preview":"max-video-preview:-1"},"canonical":"https:\/\/shop.tablesoccer.org\/de\/produkt\/t-shirt-baby-foot-coupe-du-monde-2025\/","og_locale":"de_DE","og_type":"article","og_title":"T-shirt coupe du monde de baby-foot 2025 - ITSF Boutique officielle","og_description":"Le T-Shirt officiel de la Coupe du Monde de baby-foot ITSF 2025 fabriqu\u00e9 en Milk Fiber Fabric, arbore les logos officiels de ses sponsors.","og_url":"https:\/\/shop.tablesoccer.org\/de\/produkt\/t-shirt-baby-foot-coupe-du-monde-2025\/","og_site_name":"ITSF Boutique officielle","article_modified_time":"2026-02-17T10:40:55+00:00","og_image":[{"width":2560,"height":2560,"url":"https:\/\/shop.tablesoccer.org\/wp-content\/uploads\/2025\/10\/IMG_3264-scaled.png","type":"image\/png"}],"twitter_card":"summary_large_image","twitter_misc":{"Gesch\u00e4tzte Lesezeit":"2\u00a0Minuten"},"schema":{"@context":"https:\/\/schema.org","@graph":[{"@type":"WebPage","@id":"https:\/\/shop.tablesoccer.org\/produit\/t-shirt-baby-foot-coupe-du-monde-2025\/","url":"https:\/\/shop.tablesoccer.org\/produit\/t-shirt-baby-foot-coupe-du-monde-2025\/","name":"T-shirt coupe du monde de baby-foot 2025 - ITSF Boutique officielle","isPartOf":{"@id":"https:\/\/shop.tablesoccer.org\/#website"},"primaryImageOfPage":{"@id":"https:\/\/shop.tablesoccer.org\/produit\/t-shirt-baby-foot-coupe-du-monde-2025\/#primaryimage"},"image":{"@id":"https:\/\/shop.tablesoccer.org\/produit\/t-shirt-baby-foot-coupe-du-monde-2025\/#primaryimage"},"thumbnailUrl":"https:\/\/shop.tablesoccer.org\/wp-content\/uploads\/2025\/10\/IMG_3264-scaled.png","datePublished":"2025-10-07T08:10:41+00:00","dateModified":"2026-02-17T10:40:55+00:00","description":"Le T-Shirt officiel de la Coupe du Monde de baby-foot ITSF 2025 fabriqu\u00e9 en Milk Fiber Fabric, arbore les logos officiels de ses sponsors.","breadcrumb":{"@id":"https:\/\/shop.tablesoccer.org\/produit\/t-shirt-baby-foot-coupe-du-monde-2025\/#breadcrumb"},"inLanguage":"de","potentialAction":[{"@type":"ReadAction","target":["https:\/\/shop.tablesoccer.org\/produit\/t-shirt-baby-foot-coupe-du-monde-2025\/"]}]},{"@type":"ImageObject","inLanguage":"de","@id":"https:\/\/shop.tablesoccer.org\/produit\/t-shirt-baby-foot-coupe-du-monde-2025\/#primaryimage","url":"https:\/\/shop.tablesoccer.org\/wp-content\/uploads\/2025\/10\/IMG_3264-scaled.png","contentUrl":"https:\/\/shop.tablesoccer.org\/wp-content\/uploads\/2025\/10\/IMG_3264-scaled.png","width":2560,"height":2560,"caption":"t-shirt wolrd cup 2025 front"},{"@type":"BreadcrumbList","@id":"https:\/\/shop.tablesoccer.org\/produit\/t-shirt-baby-foot-coupe-du-monde-2025\/#breadcrumb","itemListElement":[{"@type":"ListItem","position":1,"name":"Accueil","item":"https:\/\/shop.tablesoccer.org\/"},{"@type":"ListItem","position":2,"name":"Boutique","item":"https:\/\/shop.tablesoccer.org\/accueil\/boutique\/"},{"@type":"ListItem","position":3,"name":"T-shirt coupe du monde de baby-foot 2025"}]},{"@type":"WebSite","@id":"https:\/\/shop.tablesoccer.org\/#website","url":"https:\/\/shop.tablesoccer.org\/","name":"ITSF Boutique officielle","description":"","potentialAction":[{"@type":"SearchAction","target":{"@type":"EntryPoint","urlTemplate":"https:\/\/shop.tablesoccer.org\/?s={search_term_string}"},"query-input":{"@type":"PropertyValueSpecification","valueRequired":true,"valueName":"search_term_string"}}],"inLanguage":"de"}]}},"_links":{"self":[{"href":"https:\/\/shop.tablesoccer.org\/de\/wp-json\/wp\/v2\/product\/12245","targetHints":{"allow":["GET"]}}],"collection":[{"href":"https:\/\/shop.tablesoccer.org\/de\/wp-json\/wp\/v2\/product"}],"about":[{"href":"https:\/\/shop.tablesoccer.org\/de\/wp-json\/wp\/v2\/types\/product"}],"replies":[{"embeddable":true,"href":"https:\/\/shop.tablesoccer.org\/de\/wp-json\/wp\/v2\/comments?post=12245"}],"wp:featuredmedia":[{"embeddable":true,"href":"https:\/\/shop.tablesoccer.org\/de\/wp-json\/wp\/v2\/media\/12246"}],"wp:attachment":[{"href":"https:\/\/shop.tablesoccer.org\/de\/wp-json\/wp\/v2\/media?parent=12245"}],"wp:term":[{"taxonomy":"product_brand","embeddable":true,"href":"https:\/\/shop.tablesoccer.org\/de\/wp-json\/wp\/v2\/product_brand?post=12245"},{"taxonomy":"product_cat","embeddable":true,"href":"https:\/\/shop.tablesoccer.org\/de\/wp-json\/wp\/v2\/product_cat?post=12245"},{"taxonomy":"product_tag","embeddable":true,"href":"https:\/\/shop.tablesoccer.org\/de\/wp-json\/wp\/v2\/product_tag?post=12245"}],"curies":[{"name":"wp","href":"https:\/\/api.w.org\/{rel}","templated":true}]}}