{"id":11247,"date":"2025-10-07T10:09:38","date_gmt":"2025-10-07T08:09:38","guid":{"rendered":"https:\/\/shop.tablesoccer.org\/?post_type=product&#038;p=11247"},"modified":"2026-02-17T11:43:05","modified_gmt":"2026-02-17T10:43:05","slug":"t-shirt-coupe-du-monde-babyfoot-2022-noir-blanc-bordeaux","status":"publish","type":"product","link":"https:\/\/shop.tablesoccer.org\/de\/produkt\/t-shirt-coupe-du-monde-babyfoot-2022-noir-blanc-bordeaux\/","title":{"rendered":"T-Shirt Tischfu\u00dfball-Weltmeisterschaft 2022"},"content":{"rendered":"<p style=\"font-weight: 400;\"><strong>Beschreibung:\u00a0<\/strong><\/p>\n<p style=\"font-weight: 400;\">Zeigen Sie Ihre Verbundenheit mit der ITSF 2022 Weltmeisterschaft mit diesem offiziellen World Cup 2022 T-Shirt. Hergestellt aus 100 % weicher und atmungsaktiver Baumwolle, garantiert es Komfort und Haltbarkeit, egal ob Sie Spieler oder Supporter sind. Der U-Ausschnitt sorgt f\u00fcr einen l\u00e4ssigen, modernen Touch. Dieses T-Shirt in den Farben Schwarz, Wei\u00df und Bordeaux zeigt stolz das offizielle Logo des Wettbewerbs, um die Veranstaltung mit Stil zu repr\u00e4sentieren.<\/p>\n<p>&nbsp;<\/p>\n<p style=\"font-weight: 400;\"><strong>Eigenschaften:<\/strong><\/p>\n<p style=\"font-weight: 400;\">- Material: 100 % Baumwolle<\/p>\n<p style=\"font-weight: 400;\">- Schnitt: U-Ausschnitt, unisex<\/p>\n<p style=\"font-weight: 400;\">- Gr\u00f6ssen: XS bis 4XL<\/p>\n<p style=\"font-weight: 400;\">- Farben: schwarz, wei\u00df, bordeaux<\/p>\n<p>&nbsp;<\/p>\n<p style=\"font-weight: 400;\"><strong>Pflegetipp<\/strong><\/p>\n<p style=\"font-weight: 400;\">Auf dem Kopf stehend bei m\u00e4\u00dfiger Temperatur waschen und an der Luft trocknen lassen, um die Farbe und Textur der Baumwolle zu erhalten.<\/p>\n<p style=\"font-weight: 400;\">Ein offizielles, stilvolles und bequemes T-Shirt, perfekt zum Gedenken an die ITSF Weltmeisterschaft 2022 oder um Ihre Fu\u00dfballkollektion zu bereichern.<\/p>\n<p style=\"font-weight: 400;\">Finden Sie unsere gesamte Auswahl in der Kategorie: <a href=\"https:\/\/shop.tablesoccer.org\/de\/produkt-kategorie\/accessoires-goodies\/t-shirts-baby-foot\/\">Kicker-T-Shirt<\/a><\/p>\n<p style=\"font-weight: 400;\">","protected":false},"excerpt":{"rendered":"<p>Das offizielle Fu\u00dfball WM 2022 T-Shirt feiert das Event mit Stil. Komfortabel und widerstandsf\u00e4hig, perfekt zum Spielen, Tragen oder Sammeln. Erh\u00e4ltlich in schwarz, wei\u00df und Burgundy.<\/p>","protected":false},"featured_media":11476,"comment_status":"open","ping_status":"closed","template":"","meta":[],"product_brand":[],"product_cat":[98,171,147,162],"product_tag":[],"class_list":{"0":"post-11247","1":"product","2":"type-product","3":"status-publish","4":"has-post-thumbnail","6":"product_cat-accessoires-goodies","7":"product_cat-equipements-joueurs-baby-foot","8":"product_cat-promotions","9":"product_cat-t-shirts-baby-foot","11":"first","12":"instock","13":"sale","14":"taxable","15":"shipping-taxable","16":"purchasable","17":"product-type-variable"},"yoast_head":"<!-- This site is optimized with the Yoast SEO plugin v26.5 - https:\/\/yoast.com\/wordpress\/plugins\/seo\/ -->\n<title>T-Shirt Coupe du monde baby-foot 2022 - ITSF Boutique officielle<\/title>\n<meta name=\"description\" content=\"T-Shirt de la Coupe du Monde de babyfoot 2022 de couleur noir, blanc et bordeaux en coton. Commandez-les sur l&#039;ITSF Store !\" \/>\n<meta name=\"robots\" content=\"index, follow, max-snippet:-1, max-image-preview:large, max-video-preview:-1\" \/>\n<link rel=\"canonical\" href=\"https:\/\/shop.tablesoccer.org\/de\/produkt\/t-shirt-coupe-du-monde-babyfoot-2022-noir-blanc-bordeaux\/\" \/>\n<meta property=\"og:locale\" content=\"de_DE\" \/>\n<meta property=\"og:type\" content=\"article\" \/>\n<meta property=\"og:title\" content=\"T-Shirt Coupe du monde baby-foot 2022 - ITSF Boutique officielle\" \/>\n<meta property=\"og:description\" content=\"T-Shirt de la Coupe du Monde de babyfoot 2022 de couleur noir, blanc et bordeaux en coton. Commandez-les sur l&#039;ITSF Store !\" \/>\n<meta property=\"og:url\" content=\"https:\/\/shop.tablesoccer.org\/de\/produkt\/t-shirt-coupe-du-monde-babyfoot-2022-noir-blanc-bordeaux\/\" \/>\n<meta property=\"og:site_name\" content=\"ITSF Boutique officielle\" \/>\n<meta property=\"article:modified_time\" content=\"2026-02-17T10:43:05+00:00\" \/>\n<meta property=\"og:image\" content=\"https:\/\/shop.tablesoccer.org\/wp-content\/uploads\/2024\/12\/IMG_6710.png\" \/>\n\t<meta property=\"og:image:width\" content=\"400\" \/>\n\t<meta property=\"og:image:height\" content=\"400\" \/>\n\t<meta property=\"og:image:type\" content=\"image\/png\" \/>\n<meta name=\"twitter:card\" content=\"summary_large_image\" \/>\n<meta name=\"twitter:label1\" content=\"Gesch\u00e4tzte Lesezeit\" \/>\n\t<meta name=\"twitter:data1\" content=\"1\u00a0Minute\" \/>\n<script type=\"application\/ld+json\" class=\"yoast-schema-graph\">{\"@context\":\"https:\/\/schema.org\",\"@graph\":[{\"@type\":\"WebPage\",\"@id\":\"https:\/\/shop.tablesoccer.org\/produit\/t-shirt-coupe-du-monde-babyfoot-2022-noir-blanc-bordeaux\/\",\"url\":\"https:\/\/shop.tablesoccer.org\/produit\/t-shirt-coupe-du-monde-babyfoot-2022-noir-blanc-bordeaux\/\",\"name\":\"T-Shirt Coupe du monde baby-foot 2022 - ITSF Boutique officielle\",\"isPartOf\":{\"@id\":\"https:\/\/shop.tablesoccer.org\/#website\"},\"primaryImageOfPage\":{\"@id\":\"https:\/\/shop.tablesoccer.org\/produit\/t-shirt-coupe-du-monde-babyfoot-2022-noir-blanc-bordeaux\/#primaryimage\"},\"image\":{\"@id\":\"https:\/\/shop.tablesoccer.org\/produit\/t-shirt-coupe-du-monde-babyfoot-2022-noir-blanc-bordeaux\/#primaryimage\"},\"thumbnailUrl\":\"https:\/\/shop.tablesoccer.org\/wp-content\/uploads\/2024\/12\/IMG_6710.png\",\"datePublished\":\"2025-10-07T08:09:38+00:00\",\"dateModified\":\"2026-02-17T10:43:05+00:00\",\"description\":\"T-Shirt de la Coupe du Monde de babyfoot 2022 de couleur noir, blanc et bordeaux en coton. Commandez-les sur l'ITSF Store !\",\"breadcrumb\":{\"@id\":\"https:\/\/shop.tablesoccer.org\/produit\/t-shirt-coupe-du-monde-babyfoot-2022-noir-blanc-bordeaux\/#breadcrumb\"},\"inLanguage\":\"de\",\"potentialAction\":[{\"@type\":\"ReadAction\",\"target\":[\"https:\/\/shop.tablesoccer.org\/produit\/t-shirt-coupe-du-monde-babyfoot-2022-noir-blanc-bordeaux\/\"]}]},{\"@type\":\"ImageObject\",\"inLanguage\":\"de\",\"@id\":\"https:\/\/shop.tablesoccer.org\/produit\/t-shirt-coupe-du-monde-babyfoot-2022-noir-blanc-bordeaux\/#primaryimage\",\"url\":\"https:\/\/shop.tablesoccer.org\/wp-content\/uploads\/2024\/12\/IMG_6710.png\",\"contentUrl\":\"https:\/\/shop.tablesoccer.org\/wp-content\/uploads\/2024\/12\/IMG_6710.png\",\"width\":400,\"height\":400},{\"@type\":\"BreadcrumbList\",\"@id\":\"https:\/\/shop.tablesoccer.org\/produit\/t-shirt-coupe-du-monde-babyfoot-2022-noir-blanc-bordeaux\/#breadcrumb\",\"itemListElement\":[{\"@type\":\"ListItem\",\"position\":1,\"name\":\"Accueil\",\"item\":\"https:\/\/shop.tablesoccer.org\/\"},{\"@type\":\"ListItem\",\"position\":2,\"name\":\"Boutique\",\"item\":\"https:\/\/shop.tablesoccer.org\/accueil\/boutique\/\"},{\"@type\":\"ListItem\",\"position\":3,\"name\":\"T-Shirt Coupe du monde baby-foot 2022\"}]},{\"@type\":\"WebSite\",\"@id\":\"https:\/\/shop.tablesoccer.org\/#website\",\"url\":\"https:\/\/shop.tablesoccer.org\/\",\"name\":\"ITSF Boutique officielle\",\"description\":\"\",\"potentialAction\":[{\"@type\":\"SearchAction\",\"target\":{\"@type\":\"EntryPoint\",\"urlTemplate\":\"https:\/\/shop.tablesoccer.org\/?s={search_term_string}\"},\"query-input\":{\"@type\":\"PropertyValueSpecification\",\"valueRequired\":true,\"valueName\":\"search_term_string\"}}],\"inLanguage\":\"de\"}]}<\/script>\n<!-- \/ Yoast SEO plugin. -->","yoast_head_json":{"title":"T-Shirt Coupe du monde baby-foot 2022 - ITSF Boutique officielle","description":"T-Shirt de la Coupe du Monde de babyfoot 2022 de couleur noir, blanc et bordeaux en coton. Commandez-les sur l'ITSF Store !","robots":{"index":"index","follow":"follow","max-snippet":"max-snippet:-1","max-image-preview":"max-image-preview:large","max-video-preview":"max-video-preview:-1"},"canonical":"https:\/\/shop.tablesoccer.org\/de\/produkt\/t-shirt-coupe-du-monde-babyfoot-2022-noir-blanc-bordeaux\/","og_locale":"de_DE","og_type":"article","og_title":"T-Shirt Coupe du monde baby-foot 2022 - ITSF Boutique officielle","og_description":"T-Shirt de la Coupe du Monde de babyfoot 2022 de couleur noir, blanc et bordeaux en coton. Commandez-les sur l'ITSF Store !","og_url":"https:\/\/shop.tablesoccer.org\/de\/produkt\/t-shirt-coupe-du-monde-babyfoot-2022-noir-blanc-bordeaux\/","og_site_name":"ITSF Boutique officielle","article_modified_time":"2026-02-17T10:43:05+00:00","og_image":[{"width":400,"height":400,"url":"https:\/\/shop.tablesoccer.org\/wp-content\/uploads\/2024\/12\/IMG_6710.png","type":"image\/png"}],"twitter_card":"summary_large_image","twitter_misc":{"Gesch\u00e4tzte Lesezeit":"1\u00a0Minute"},"schema":{"@context":"https:\/\/schema.org","@graph":[{"@type":"WebPage","@id":"https:\/\/shop.tablesoccer.org\/produit\/t-shirt-coupe-du-monde-babyfoot-2022-noir-blanc-bordeaux\/","url":"https:\/\/shop.tablesoccer.org\/produit\/t-shirt-coupe-du-monde-babyfoot-2022-noir-blanc-bordeaux\/","name":"T-Shirt Coupe du monde baby-foot 2022 - ITSF Boutique officielle","isPartOf":{"@id":"https:\/\/shop.tablesoccer.org\/#website"},"primaryImageOfPage":{"@id":"https:\/\/shop.tablesoccer.org\/produit\/t-shirt-coupe-du-monde-babyfoot-2022-noir-blanc-bordeaux\/#primaryimage"},"image":{"@id":"https:\/\/shop.tablesoccer.org\/produit\/t-shirt-coupe-du-monde-babyfoot-2022-noir-blanc-bordeaux\/#primaryimage"},"thumbnailUrl":"https:\/\/shop.tablesoccer.org\/wp-content\/uploads\/2024\/12\/IMG_6710.png","datePublished":"2025-10-07T08:09:38+00:00","dateModified":"2026-02-17T10:43:05+00:00","description":"T-Shirt de la Coupe du Monde de babyfoot 2022 de couleur noir, blanc et bordeaux en coton. Commandez-les sur l'ITSF Store !","breadcrumb":{"@id":"https:\/\/shop.tablesoccer.org\/produit\/t-shirt-coupe-du-monde-babyfoot-2022-noir-blanc-bordeaux\/#breadcrumb"},"inLanguage":"de","potentialAction":[{"@type":"ReadAction","target":["https:\/\/shop.tablesoccer.org\/produit\/t-shirt-coupe-du-monde-babyfoot-2022-noir-blanc-bordeaux\/"]}]},{"@type":"ImageObject","inLanguage":"de","@id":"https:\/\/shop.tablesoccer.org\/produit\/t-shirt-coupe-du-monde-babyfoot-2022-noir-blanc-bordeaux\/#primaryimage","url":"https:\/\/shop.tablesoccer.org\/wp-content\/uploads\/2024\/12\/IMG_6710.png","contentUrl":"https:\/\/shop.tablesoccer.org\/wp-content\/uploads\/2024\/12\/IMG_6710.png","width":400,"height":400},{"@type":"BreadcrumbList","@id":"https:\/\/shop.tablesoccer.org\/produit\/t-shirt-coupe-du-monde-babyfoot-2022-noir-blanc-bordeaux\/#breadcrumb","itemListElement":[{"@type":"ListItem","position":1,"name":"Accueil","item":"https:\/\/shop.tablesoccer.org\/"},{"@type":"ListItem","position":2,"name":"Boutique","item":"https:\/\/shop.tablesoccer.org\/accueil\/boutique\/"},{"@type":"ListItem","position":3,"name":"T-Shirt Coupe du monde baby-foot 2022"}]},{"@type":"WebSite","@id":"https:\/\/shop.tablesoccer.org\/#website","url":"https:\/\/shop.tablesoccer.org\/","name":"ITSF Boutique officielle","description":"","potentialAction":[{"@type":"SearchAction","target":{"@type":"EntryPoint","urlTemplate":"https:\/\/shop.tablesoccer.org\/?s={search_term_string}"},"query-input":{"@type":"PropertyValueSpecification","valueRequired":true,"valueName":"search_term_string"}}],"inLanguage":"de"}]}},"_links":{"self":[{"href":"https:\/\/shop.tablesoccer.org\/de\/wp-json\/wp\/v2\/product\/11247","targetHints":{"allow":["GET"]}}],"collection":[{"href":"https:\/\/shop.tablesoccer.org\/de\/wp-json\/wp\/v2\/product"}],"about":[{"href":"https:\/\/shop.tablesoccer.org\/de\/wp-json\/wp\/v2\/types\/product"}],"replies":[{"embeddable":true,"href":"https:\/\/shop.tablesoccer.org\/de\/wp-json\/wp\/v2\/comments?post=11247"}],"wp:featuredmedia":[{"embeddable":true,"href":"https:\/\/shop.tablesoccer.org\/de\/wp-json\/wp\/v2\/media\/11476"}],"wp:attachment":[{"href":"https:\/\/shop.tablesoccer.org\/de\/wp-json\/wp\/v2\/media?parent=11247"}],"wp:term":[{"taxonomy":"product_brand","embeddable":true,"href":"https:\/\/shop.tablesoccer.org\/de\/wp-json\/wp\/v2\/product_brand?post=11247"},{"taxonomy":"product_cat","embeddable":true,"href":"https:\/\/shop.tablesoccer.org\/de\/wp-json\/wp\/v2\/product_cat?post=11247"},{"taxonomy":"product_tag","embeddable":true,"href":"https:\/\/shop.tablesoccer.org\/de\/wp-json\/wp\/v2\/product_tag?post=11247"}],"curies":[{"name":"wp","href":"https:\/\/api.w.org\/{rel}","templated":true}]}}