{"id":10283,"date":"2024-01-19T16:08:21","date_gmt":"2024-01-19T15:08:21","guid":{"rendered":"https:\/\/shop.tablesoccer.org\/?post_type=product&#038;p=10283"},"modified":"2026-03-30T10:29:33","modified_gmt":"2026-03-30T08:29:33","slug":"pack-5-balles-baby-foot-roberto-sport-itsf","status":"publish","type":"product","link":"https:\/\/shop.tablesoccer.org\/de\/produkt\/pack-5-balles-baby-foot-roberto-sport-itsf\/","title":{"rendered":"Roberto Sport ITSF Set 5 B\u00e4lle Tischfu\u00dfball"},"content":{"rendered":"<p style=\"font-weight: 400;\"><strong>Beschreibung:<\/strong><\/p>\n<p style=\"font-weight: 400;\">Dieses Paket enth\u00e4lt f\u00fcnf Roberto Sport ITSF-B\u00e4lle, die bei offiziellen Turnieren verwendet werden. Von der ITSF zertifiziert, bieten sie ein pr\u00e4zises Spiel, guten Grip und perfekte Konstanz auf den Roberto Sport-Tischen. Perfekt f\u00fcr regelm\u00e4\u00dfige Spieler oder Clubs.<\/p>\n<p>&nbsp;<\/p>\n<p style=\"font-weight: 400;\"><strong>Eigenschaften:<\/strong><\/p>\n<p style=\"font-weight: 400;\">- Menge: 5 B\u00e4lle<\/p>\n<p style=\"font-weight: 400;\">\u2013 Farbe : gelb<\/p>\n<p style=\"font-weight: 400;\">\u2013 Gewicht: 35 g<\/p>\n<p style=\"font-weight: 400;\">\u2028\u2013 Durchmesser: 34,6 mm<\/p>\n<p style=\"font-weight: 400;\">ITSF-zertifiziert<\/p>\n<p>&nbsp;<\/p>\n<p style=\"font-weight: 400;\"><strong>Pflegehinweise<\/strong><\/p>\n<p style=\"font-weight: 400;\">Um die Spieleigenschaften zu erhalten, reinigen Sie den Ball nach jedem Gebrauch mit einem weichen, trockenen Tuch. Vermeiden Sie Scheuermittel oder L\u00f6sungsmittel, die die Oberfl\u00e4che besch\u00e4digen k\u00f6nnten. Lagern Sie diese vor Feuchtigkeit und extremen Temperaturen.<\/p>\n<p style=\"font-weight: 400;\">Um sie zu sch\u00fctzen und organisiert zu halten, k\u00f6nnen Sie sie in <a href=\"https:\/\/shop.tablesoccer.org\/de\/produkt\/boite-de-5-balles-de-babyfoot\/\">die Aufbewahrungsbox ITSF<\/a> daf\u00fcr vorgesehenen<\/p>\n<div><\/div>\n<p style=\"font-weight: 400;\">Ein komplettes Paket, um das Beste aus dem Spiel Roberto Sport zu genie\u00dfen, mit B\u00e4llen bereit f\u00fcr den Wettbewerb.<\/p>\n<p style=\"font-weight: 400;\">Finden Sie unsere gesamte Auswahl in der Kategorie: <a href=\"https:\/\/shop.tablesoccer.org\/de\/produkt-kategorie\/equipement\/balles-baby-foot\/\">B\u00e4lle f\u00fcr Tischfu\u00dfball<\/a><\/p>","protected":false},"excerpt":{"rendered":"<p style=\"font-weight: 400;\">Das 5er-Pack Roberto Sport ITSF enth\u00e4lt die offiziellen, f\u00fcr den Wettbewerb zertifizierten B\u00e4lle. Ideal zum Ausr\u00fcsten oder Erneuern von B\u00e4llen mit der anerkannten Qualit\u00e4t von Roberto Sport.<\/p>\n<p style=\"font-weight: 400;\">","protected":false},"featured_media":10282,"comment_status":"open","ping_status":"closed","template":"","meta":[],"product_brand":[],"product_cat":[119,69],"product_tag":[],"class_list":{"0":"post-10283","1":"product","2":"type-product","3":"status-publish","4":"has-post-thumbnail","6":"product_cat-balles-baby-foot","7":"product_cat-equipement","9":"first","10":"outofstock","11":"taxable","12":"shipping-taxable","13":"purchasable","14":"product-type-simple"},"yoast_head":"<!-- This site is optimized with the Yoast SEO plugin v26.5 - https:\/\/yoast.com\/wordpress\/plugins\/seo\/ -->\n<title>Lot 5 Balles baby-foot Roberto Sport ITSF - ITSF Boutique officielle<\/title>\n<meta name=\"description\" content=\"Pack 5 balles Roberto Sport ITSF : cinq balles de baby-foot ITSF Roberto Sport, adapt\u00e9es pour le jeu comp\u00e9titif. Commandez-les sur l\u2019ITSF Store !\" \/>\n<meta name=\"robots\" content=\"index, follow, max-snippet:-1, max-image-preview:large, max-video-preview:-1\" \/>\n<link rel=\"canonical\" href=\"https:\/\/shop.tablesoccer.org\/de\/produkt\/pack-5-balles-baby-foot-roberto-sport-itsf\/\" \/>\n<meta property=\"og:locale\" content=\"de_DE\" \/>\n<meta property=\"og:type\" content=\"article\" \/>\n<meta property=\"og:title\" content=\"Lot 5 Balles baby-foot Roberto Sport ITSF - ITSF Boutique officielle\" \/>\n<meta property=\"og:description\" content=\"Pack 5 balles Roberto Sport ITSF : cinq balles de baby-foot ITSF Roberto Sport, adapt\u00e9es pour le jeu comp\u00e9titif. Commandez-les sur l\u2019ITSF Store !\" \/>\n<meta property=\"og:url\" content=\"https:\/\/shop.tablesoccer.org\/de\/produkt\/pack-5-balles-baby-foot-roberto-sport-itsf\/\" \/>\n<meta property=\"og:site_name\" content=\"ITSF Boutique officielle\" \/>\n<meta property=\"article:modified_time\" content=\"2026-03-30T08:29:33+00:00\" \/>\n<meta property=\"og:image\" content=\"https:\/\/shop.tablesoccer.org\/wp-content\/uploads\/2024\/01\/Capture-decran-2024-01-19-145759.png\" \/>\n\t<meta property=\"og:image:width\" content=\"605\" \/>\n\t<meta property=\"og:image:height\" content=\"678\" \/>\n\t<meta property=\"og:image:type\" content=\"image\/png\" \/>\n<meta name=\"twitter:card\" content=\"summary_large_image\" \/>\n<meta name=\"twitter:label1\" content=\"Gesch\u00e4tzte Lesezeit\" \/>\n\t<meta name=\"twitter:data1\" content=\"1\u00a0Minute\" \/>\n<script type=\"application\/ld+json\" class=\"yoast-schema-graph\">{\"@context\":\"https:\/\/schema.org\",\"@graph\":[{\"@type\":\"WebPage\",\"@id\":\"https:\/\/shop.tablesoccer.org\/produit\/pack-5-balles-baby-foot-roberto-sport-itsf\/\",\"url\":\"https:\/\/shop.tablesoccer.org\/produit\/pack-5-balles-baby-foot-roberto-sport-itsf\/\",\"name\":\"Lot 5 Balles baby-foot Roberto Sport ITSF - ITSF Boutique officielle\",\"isPartOf\":{\"@id\":\"https:\/\/shop.tablesoccer.org\/#website\"},\"primaryImageOfPage\":{\"@id\":\"https:\/\/shop.tablesoccer.org\/produit\/pack-5-balles-baby-foot-roberto-sport-itsf\/#primaryimage\"},\"image\":{\"@id\":\"https:\/\/shop.tablesoccer.org\/produit\/pack-5-balles-baby-foot-roberto-sport-itsf\/#primaryimage\"},\"thumbnailUrl\":\"https:\/\/shop.tablesoccer.org\/wp-content\/uploads\/2024\/01\/Capture-decran-2024-01-19-145759.png\",\"datePublished\":\"2024-01-19T15:08:21+00:00\",\"dateModified\":\"2026-03-30T08:29:33+00:00\",\"description\":\"Pack 5 balles Roberto Sport ITSF : cinq balles de baby-foot ITSF Roberto Sport, adapt\u00e9es pour le jeu comp\u00e9titif. Commandez-les sur l\u2019ITSF Store !\",\"breadcrumb\":{\"@id\":\"https:\/\/shop.tablesoccer.org\/produit\/pack-5-balles-baby-foot-roberto-sport-itsf\/#breadcrumb\"},\"inLanguage\":\"de\",\"potentialAction\":[{\"@type\":\"ReadAction\",\"target\":[\"https:\/\/shop.tablesoccer.org\/produit\/pack-5-balles-baby-foot-roberto-sport-itsf\/\"]}]},{\"@type\":\"ImageObject\",\"inLanguage\":\"de\",\"@id\":\"https:\/\/shop.tablesoccer.org\/produit\/pack-5-balles-baby-foot-roberto-sport-itsf\/#primaryimage\",\"url\":\"https:\/\/shop.tablesoccer.org\/wp-content\/uploads\/2024\/01\/Capture-decran-2024-01-19-145759.png\",\"contentUrl\":\"https:\/\/shop.tablesoccer.org\/wp-content\/uploads\/2024\/01\/Capture-decran-2024-01-19-145759.png\",\"width\":605,\"height\":678},{\"@type\":\"BreadcrumbList\",\"@id\":\"https:\/\/shop.tablesoccer.org\/produit\/pack-5-balles-baby-foot-roberto-sport-itsf\/#breadcrumb\",\"itemListElement\":[{\"@type\":\"ListItem\",\"position\":1,\"name\":\"Accueil\",\"item\":\"https:\/\/shop.tablesoccer.org\/\"},{\"@type\":\"ListItem\",\"position\":2,\"name\":\"Boutique\",\"item\":\"https:\/\/shop.tablesoccer.org\/accueil\/boutique\/\"},{\"@type\":\"ListItem\",\"position\":3,\"name\":\"Lot 5 Balles baby-foot Roberto Sport ITSF\"}]},{\"@type\":\"WebSite\",\"@id\":\"https:\/\/shop.tablesoccer.org\/#website\",\"url\":\"https:\/\/shop.tablesoccer.org\/\",\"name\":\"ITSF Boutique officielle\",\"description\":\"\",\"potentialAction\":[{\"@type\":\"SearchAction\",\"target\":{\"@type\":\"EntryPoint\",\"urlTemplate\":\"https:\/\/shop.tablesoccer.org\/?s={search_term_string}\"},\"query-input\":{\"@type\":\"PropertyValueSpecification\",\"valueRequired\":true,\"valueName\":\"search_term_string\"}}],\"inLanguage\":\"de\"}]}<\/script>\n<!-- \/ Yoast SEO plugin. -->","yoast_head_json":{"title":"Lot 5 Balles baby-foot Roberto Sport ITSF - ITSF Boutique officielle","description":"Pack 5 balles Roberto Sport ITSF : cinq balles de baby-foot ITSF Roberto Sport, adapt\u00e9es pour le jeu comp\u00e9titif. Commandez-les sur l\u2019ITSF Store !","robots":{"index":"index","follow":"follow","max-snippet":"max-snippet:-1","max-image-preview":"max-image-preview:large","max-video-preview":"max-video-preview:-1"},"canonical":"https:\/\/shop.tablesoccer.org\/de\/produkt\/pack-5-balles-baby-foot-roberto-sport-itsf\/","og_locale":"de_DE","og_type":"article","og_title":"Lot 5 Balles baby-foot Roberto Sport ITSF - ITSF Boutique officielle","og_description":"Pack 5 balles Roberto Sport ITSF : cinq balles de baby-foot ITSF Roberto Sport, adapt\u00e9es pour le jeu comp\u00e9titif. Commandez-les sur l\u2019ITSF Store !","og_url":"https:\/\/shop.tablesoccer.org\/de\/produkt\/pack-5-balles-baby-foot-roberto-sport-itsf\/","og_site_name":"ITSF Boutique officielle","article_modified_time":"2026-03-30T08:29:33+00:00","og_image":[{"width":605,"height":678,"url":"https:\/\/shop.tablesoccer.org\/wp-content\/uploads\/2024\/01\/Capture-decran-2024-01-19-145759.png","type":"image\/png"}],"twitter_card":"summary_large_image","twitter_misc":{"Gesch\u00e4tzte Lesezeit":"1\u00a0Minute"},"schema":{"@context":"https:\/\/schema.org","@graph":[{"@type":"WebPage","@id":"https:\/\/shop.tablesoccer.org\/produit\/pack-5-balles-baby-foot-roberto-sport-itsf\/","url":"https:\/\/shop.tablesoccer.org\/produit\/pack-5-balles-baby-foot-roberto-sport-itsf\/","name":"Lot 5 Balles baby-foot Roberto Sport ITSF - ITSF Boutique officielle","isPartOf":{"@id":"https:\/\/shop.tablesoccer.org\/#website"},"primaryImageOfPage":{"@id":"https:\/\/shop.tablesoccer.org\/produit\/pack-5-balles-baby-foot-roberto-sport-itsf\/#primaryimage"},"image":{"@id":"https:\/\/shop.tablesoccer.org\/produit\/pack-5-balles-baby-foot-roberto-sport-itsf\/#primaryimage"},"thumbnailUrl":"https:\/\/shop.tablesoccer.org\/wp-content\/uploads\/2024\/01\/Capture-decran-2024-01-19-145759.png","datePublished":"2024-01-19T15:08:21+00:00","dateModified":"2026-03-30T08:29:33+00:00","description":"Pack 5 balles Roberto Sport ITSF : cinq balles de baby-foot ITSF Roberto Sport, adapt\u00e9es pour le jeu comp\u00e9titif. Commandez-les sur l\u2019ITSF Store !","breadcrumb":{"@id":"https:\/\/shop.tablesoccer.org\/produit\/pack-5-balles-baby-foot-roberto-sport-itsf\/#breadcrumb"},"inLanguage":"de","potentialAction":[{"@type":"ReadAction","target":["https:\/\/shop.tablesoccer.org\/produit\/pack-5-balles-baby-foot-roberto-sport-itsf\/"]}]},{"@type":"ImageObject","inLanguage":"de","@id":"https:\/\/shop.tablesoccer.org\/produit\/pack-5-balles-baby-foot-roberto-sport-itsf\/#primaryimage","url":"https:\/\/shop.tablesoccer.org\/wp-content\/uploads\/2024\/01\/Capture-decran-2024-01-19-145759.png","contentUrl":"https:\/\/shop.tablesoccer.org\/wp-content\/uploads\/2024\/01\/Capture-decran-2024-01-19-145759.png","width":605,"height":678},{"@type":"BreadcrumbList","@id":"https:\/\/shop.tablesoccer.org\/produit\/pack-5-balles-baby-foot-roberto-sport-itsf\/#breadcrumb","itemListElement":[{"@type":"ListItem","position":1,"name":"Accueil","item":"https:\/\/shop.tablesoccer.org\/"},{"@type":"ListItem","position":2,"name":"Boutique","item":"https:\/\/shop.tablesoccer.org\/accueil\/boutique\/"},{"@type":"ListItem","position":3,"name":"Lot 5 Balles baby-foot Roberto Sport ITSF"}]},{"@type":"WebSite","@id":"https:\/\/shop.tablesoccer.org\/#website","url":"https:\/\/shop.tablesoccer.org\/","name":"ITSF Boutique officielle","description":"","potentialAction":[{"@type":"SearchAction","target":{"@type":"EntryPoint","urlTemplate":"https:\/\/shop.tablesoccer.org\/?s={search_term_string}"},"query-input":{"@type":"PropertyValueSpecification","valueRequired":true,"valueName":"search_term_string"}}],"inLanguage":"de"}]}},"_links":{"self":[{"href":"https:\/\/shop.tablesoccer.org\/de\/wp-json\/wp\/v2\/product\/10283","targetHints":{"allow":["GET"]}}],"collection":[{"href":"https:\/\/shop.tablesoccer.org\/de\/wp-json\/wp\/v2\/product"}],"about":[{"href":"https:\/\/shop.tablesoccer.org\/de\/wp-json\/wp\/v2\/types\/product"}],"replies":[{"embeddable":true,"href":"https:\/\/shop.tablesoccer.org\/de\/wp-json\/wp\/v2\/comments?post=10283"}],"wp:featuredmedia":[{"embeddable":true,"href":"https:\/\/shop.tablesoccer.org\/de\/wp-json\/wp\/v2\/media\/10282"}],"wp:attachment":[{"href":"https:\/\/shop.tablesoccer.org\/de\/wp-json\/wp\/v2\/media?parent=10283"}],"wp:term":[{"taxonomy":"product_brand","embeddable":true,"href":"https:\/\/shop.tablesoccer.org\/de\/wp-json\/wp\/v2\/product_brand?post=10283"},{"taxonomy":"product_cat","embeddable":true,"href":"https:\/\/shop.tablesoccer.org\/de\/wp-json\/wp\/v2\/product_cat?post=10283"},{"taxonomy":"product_tag","embeddable":true,"href":"https:\/\/shop.tablesoccer.org\/de\/wp-json\/wp\/v2\/product_tag?post=10283"}],"curies":[{"name":"wp","href":"https:\/\/api.w.org\/{rel}","templated":true}]}}