{"id":10280,"date":"2024-01-19T16:05:15","date_gmt":"2024-01-19T15:05:15","guid":{"rendered":"https:\/\/shop.tablesoccer.org\/?post_type=product&#038;p=10280"},"modified":"2026-03-08T17:24:52","modified_gmt":"2026-03-08T16:24:52","slug":"lot-5-balles-baby-foot-roberto-sport-rollerball","status":"publish","type":"product","link":"https:\/\/shop.tablesoccer.org\/de\/produkt\/lot-5-balles-baby-foot-roberto-sport-rollerball\/","title":{"rendered":"Set 5 B\u00e4lle Tischfu\u00dfball Roberto Sport \u201cRollerball\u201d"},"content":{"rendered":"<p style=\"font-weight: 400;\"><strong>Beschreibung:<\/strong><\/p>\n<p style=\"font-weight: 400;\">Diese Packung enth\u00e4lt f\u00fcnf Roberto Sport \"Rollerball\"-B\u00e4lle, die von der ITSF f\u00fcr die Praxis des Rollerballs zertifiziert sind. Ihr geringes Gewicht und ihre glatte Oberfl\u00e4che erm\u00f6glichen ein schnelleres und dynamischeres Spiel, ideal um das Spielgef\u00fchl zu variieren.<\/p>\n<p>&nbsp;<\/p>\n<p style=\"font-weight: 400;\"><strong>Eigenschaften:<\/strong><\/p>\n<p style=\"font-weight: 400;\">- Menge: 5 B\u00e4lle<\/p>\n<p style=\"font-weight: 400;\">\u2013 Farbe : gelb<\/p>\n<p style=\"font-weight: 400;\">- Gewicht: 20 g<\/p>\n<p style=\"font-weight: 400;\">\u2013 Durchmesser: 34 mm<\/p>\n<p style=\"font-weight: 400;\">ITSF-zertifiziert<\/p>\n<p>&nbsp;<\/p>\n<p style=\"font-weight: 400;\"><strong>Pflegehinweise<\/strong><\/p>\n<p style=\"font-weight: 400;\">Wischen Sie die B\u00e4lle mit einem weichen, trockenen Tuch ab. Bewahren Sie sie vor Feuchtigkeit und Hitze auf. Um sie zu sch\u00fctzen und organisiert zu halten, k\u00f6nnen Sie sie in <a href=\"https:\/\/shop.tablesoccer.org\/de\/produkt\/boite-de-5-balles-de-babyfoot\/\">die Aufbewahrungsbox ITSF<\/a> daf\u00fcr vorgesehenen<\/p>\n<p style=\"font-weight: 400;\">Ein perfektes Paket, um den Rollerball zu entdecken und einen freien und schnellen Spielstil auf einem Tischfu\u00dfball von Roberto Sport zu genie\u00dfen.<\/p>\n<p>Finden Sie unsere gesamte Auswahl in der Kategorie: <a href=\"https:\/\/shop.tablesoccer.org\/de\/produkt-kategorie\/equipement\/balles-baby-foot\/\">B\u00e4lle f\u00fcr Tischfu\u00dfball<\/a><\/p>","protected":false},"excerpt":{"rendered":"<div class=\"woocommerce-product-details__short-description\">\n<p>Set mit 5 ITSF-zertifizierten Tischfu\u00dfballb\u00e4llen \"Rollerball\" von Roberto Sport, die f\u00fcr ein fl\u00fcssiges, schnelles und freieres Spiel an den Tischen von Roberto Sport entwickelt wurden.<\/p>\n<\/div>","protected":false},"featured_media":10281,"comment_status":"open","ping_status":"closed","template":"","meta":[],"product_brand":[],"product_cat":[119,69],"product_tag":[],"class_list":{"0":"post-10280","1":"product","2":"type-product","3":"status-publish","4":"has-post-thumbnail","6":"product_cat-balles-baby-foot","7":"product_cat-equipement","9":"first","10":"instock","11":"taxable","12":"shipping-taxable","13":"purchasable","14":"product-type-simple"},"yoast_head":"<!-- This site is optimized with the Yoast SEO plugin v26.5 - https:\/\/yoast.com\/wordpress\/plugins\/seo\/ -->\n<title>Lot 5 Balles baby-foot Roberto Sport \u201cRollerball\u201d - ITSF Boutique officielle<\/title>\n<meta name=\"description\" content=\"Pack 5 balles Roberto Sport Rollerball : Con\u00e7ues pour le rollerball, une autre fa\u00e7on de jouer au baby-foot. Commandez-les sur l\u2019ITSF Store !\" \/>\n<meta name=\"robots\" content=\"index, follow, max-snippet:-1, max-image-preview:large, max-video-preview:-1\" \/>\n<link rel=\"canonical\" href=\"https:\/\/shop.tablesoccer.org\/de\/produkt\/lot-5-balles-baby-foot-roberto-sport-rollerball\/\" \/>\n<meta property=\"og:locale\" content=\"de_DE\" \/>\n<meta property=\"og:type\" content=\"article\" \/>\n<meta property=\"og:title\" content=\"Lot 5 Balles baby-foot Roberto Sport \u201cRollerball\u201d - ITSF Boutique officielle\" \/>\n<meta property=\"og:description\" content=\"Pack 5 balles Roberto Sport Rollerball : Con\u00e7ues pour le rollerball, une autre fa\u00e7on de jouer au baby-foot. Commandez-les sur l\u2019ITSF Store !\" \/>\n<meta property=\"og:url\" content=\"https:\/\/shop.tablesoccer.org\/de\/produkt\/lot-5-balles-baby-foot-roberto-sport-rollerball\/\" \/>\n<meta property=\"og:site_name\" content=\"ITSF Boutique officielle\" \/>\n<meta property=\"article:modified_time\" content=\"2026-03-08T16:24:52+00:00\" \/>\n<meta property=\"og:image\" content=\"https:\/\/shop.tablesoccer.org\/wp-content\/uploads\/2024\/01\/Capture-decran-2024-01-19-145741.png\" \/>\n\t<meta property=\"og:image:width\" content=\"489\" \/>\n\t<meta property=\"og:image:height\" content=\"639\" \/>\n\t<meta property=\"og:image:type\" content=\"image\/png\" \/>\n<meta name=\"twitter:card\" content=\"summary_large_image\" \/>\n<meta name=\"twitter:label1\" content=\"Gesch\u00e4tzte Lesezeit\" \/>\n\t<meta name=\"twitter:data1\" content=\"1\u00a0Minute\" \/>\n<script type=\"application\/ld+json\" class=\"yoast-schema-graph\">{\"@context\":\"https:\/\/schema.org\",\"@graph\":[{\"@type\":\"WebPage\",\"@id\":\"https:\/\/shop.tablesoccer.org\/produit\/lot-5-balles-baby-foot-roberto-sport-rollerball\/\",\"url\":\"https:\/\/shop.tablesoccer.org\/produit\/lot-5-balles-baby-foot-roberto-sport-rollerball\/\",\"name\":\"Lot 5 Balles baby-foot Roberto Sport \u201cRollerball\u201d - ITSF Boutique officielle\",\"isPartOf\":{\"@id\":\"https:\/\/shop.tablesoccer.org\/#website\"},\"primaryImageOfPage\":{\"@id\":\"https:\/\/shop.tablesoccer.org\/produit\/lot-5-balles-baby-foot-roberto-sport-rollerball\/#primaryimage\"},\"image\":{\"@id\":\"https:\/\/shop.tablesoccer.org\/produit\/lot-5-balles-baby-foot-roberto-sport-rollerball\/#primaryimage\"},\"thumbnailUrl\":\"https:\/\/shop.tablesoccer.org\/wp-content\/uploads\/2024\/01\/Capture-decran-2024-01-19-145741.png\",\"datePublished\":\"2024-01-19T15:05:15+00:00\",\"dateModified\":\"2026-03-08T16:24:52+00:00\",\"description\":\"Pack 5 balles Roberto Sport Rollerball : Con\u00e7ues pour le rollerball, une autre fa\u00e7on de jouer au baby-foot. Commandez-les sur l\u2019ITSF Store !\",\"breadcrumb\":{\"@id\":\"https:\/\/shop.tablesoccer.org\/produit\/lot-5-balles-baby-foot-roberto-sport-rollerball\/#breadcrumb\"},\"inLanguage\":\"de\",\"potentialAction\":[{\"@type\":\"ReadAction\",\"target\":[\"https:\/\/shop.tablesoccer.org\/produit\/lot-5-balles-baby-foot-roberto-sport-rollerball\/\"]}]},{\"@type\":\"ImageObject\",\"inLanguage\":\"de\",\"@id\":\"https:\/\/shop.tablesoccer.org\/produit\/lot-5-balles-baby-foot-roberto-sport-rollerball\/#primaryimage\",\"url\":\"https:\/\/shop.tablesoccer.org\/wp-content\/uploads\/2024\/01\/Capture-decran-2024-01-19-145741.png\",\"contentUrl\":\"https:\/\/shop.tablesoccer.org\/wp-content\/uploads\/2024\/01\/Capture-decran-2024-01-19-145741.png\",\"width\":489,\"height\":639},{\"@type\":\"BreadcrumbList\",\"@id\":\"https:\/\/shop.tablesoccer.org\/produit\/lot-5-balles-baby-foot-roberto-sport-rollerball\/#breadcrumb\",\"itemListElement\":[{\"@type\":\"ListItem\",\"position\":1,\"name\":\"Accueil\",\"item\":\"https:\/\/shop.tablesoccer.org\/\"},{\"@type\":\"ListItem\",\"position\":2,\"name\":\"Boutique\",\"item\":\"https:\/\/shop.tablesoccer.org\/accueil\/boutique\/\"},{\"@type\":\"ListItem\",\"position\":3,\"name\":\"Lot 5 Balles baby-foot Roberto Sport \u201cRollerball\u201d\"}]},{\"@type\":\"WebSite\",\"@id\":\"https:\/\/shop.tablesoccer.org\/#website\",\"url\":\"https:\/\/shop.tablesoccer.org\/\",\"name\":\"ITSF Boutique officielle\",\"description\":\"\",\"potentialAction\":[{\"@type\":\"SearchAction\",\"target\":{\"@type\":\"EntryPoint\",\"urlTemplate\":\"https:\/\/shop.tablesoccer.org\/?s={search_term_string}\"},\"query-input\":{\"@type\":\"PropertyValueSpecification\",\"valueRequired\":true,\"valueName\":\"search_term_string\"}}],\"inLanguage\":\"de\"}]}<\/script>\n<!-- \/ Yoast SEO plugin. -->","yoast_head_json":{"title":"Lot 5 Balles baby-foot Roberto Sport \u201cRollerball\u201d - ITSF Boutique officielle","description":"Pack 5 balles Roberto Sport Rollerball : Con\u00e7ues pour le rollerball, une autre fa\u00e7on de jouer au baby-foot. Commandez-les sur l\u2019ITSF Store !","robots":{"index":"index","follow":"follow","max-snippet":"max-snippet:-1","max-image-preview":"max-image-preview:large","max-video-preview":"max-video-preview:-1"},"canonical":"https:\/\/shop.tablesoccer.org\/de\/produkt\/lot-5-balles-baby-foot-roberto-sport-rollerball\/","og_locale":"de_DE","og_type":"article","og_title":"Lot 5 Balles baby-foot Roberto Sport \u201cRollerball\u201d - ITSF Boutique officielle","og_description":"Pack 5 balles Roberto Sport Rollerball : Con\u00e7ues pour le rollerball, une autre fa\u00e7on de jouer au baby-foot. Commandez-les sur l\u2019ITSF Store !","og_url":"https:\/\/shop.tablesoccer.org\/de\/produkt\/lot-5-balles-baby-foot-roberto-sport-rollerball\/","og_site_name":"ITSF Boutique officielle","article_modified_time":"2026-03-08T16:24:52+00:00","og_image":[{"width":489,"height":639,"url":"https:\/\/shop.tablesoccer.org\/wp-content\/uploads\/2024\/01\/Capture-decran-2024-01-19-145741.png","type":"image\/png"}],"twitter_card":"summary_large_image","twitter_misc":{"Gesch\u00e4tzte Lesezeit":"1\u00a0Minute"},"schema":{"@context":"https:\/\/schema.org","@graph":[{"@type":"WebPage","@id":"https:\/\/shop.tablesoccer.org\/produit\/lot-5-balles-baby-foot-roberto-sport-rollerball\/","url":"https:\/\/shop.tablesoccer.org\/produit\/lot-5-balles-baby-foot-roberto-sport-rollerball\/","name":"Lot 5 Balles baby-foot Roberto Sport \u201cRollerball\u201d - ITSF Boutique officielle","isPartOf":{"@id":"https:\/\/shop.tablesoccer.org\/#website"},"primaryImageOfPage":{"@id":"https:\/\/shop.tablesoccer.org\/produit\/lot-5-balles-baby-foot-roberto-sport-rollerball\/#primaryimage"},"image":{"@id":"https:\/\/shop.tablesoccer.org\/produit\/lot-5-balles-baby-foot-roberto-sport-rollerball\/#primaryimage"},"thumbnailUrl":"https:\/\/shop.tablesoccer.org\/wp-content\/uploads\/2024\/01\/Capture-decran-2024-01-19-145741.png","datePublished":"2024-01-19T15:05:15+00:00","dateModified":"2026-03-08T16:24:52+00:00","description":"Pack 5 balles Roberto Sport Rollerball : Con\u00e7ues pour le rollerball, une autre fa\u00e7on de jouer au baby-foot. Commandez-les sur l\u2019ITSF Store !","breadcrumb":{"@id":"https:\/\/shop.tablesoccer.org\/produit\/lot-5-balles-baby-foot-roberto-sport-rollerball\/#breadcrumb"},"inLanguage":"de","potentialAction":[{"@type":"ReadAction","target":["https:\/\/shop.tablesoccer.org\/produit\/lot-5-balles-baby-foot-roberto-sport-rollerball\/"]}]},{"@type":"ImageObject","inLanguage":"de","@id":"https:\/\/shop.tablesoccer.org\/produit\/lot-5-balles-baby-foot-roberto-sport-rollerball\/#primaryimage","url":"https:\/\/shop.tablesoccer.org\/wp-content\/uploads\/2024\/01\/Capture-decran-2024-01-19-145741.png","contentUrl":"https:\/\/shop.tablesoccer.org\/wp-content\/uploads\/2024\/01\/Capture-decran-2024-01-19-145741.png","width":489,"height":639},{"@type":"BreadcrumbList","@id":"https:\/\/shop.tablesoccer.org\/produit\/lot-5-balles-baby-foot-roberto-sport-rollerball\/#breadcrumb","itemListElement":[{"@type":"ListItem","position":1,"name":"Accueil","item":"https:\/\/shop.tablesoccer.org\/"},{"@type":"ListItem","position":2,"name":"Boutique","item":"https:\/\/shop.tablesoccer.org\/accueil\/boutique\/"},{"@type":"ListItem","position":3,"name":"Lot 5 Balles baby-foot Roberto Sport \u201cRollerball\u201d"}]},{"@type":"WebSite","@id":"https:\/\/shop.tablesoccer.org\/#website","url":"https:\/\/shop.tablesoccer.org\/","name":"ITSF Boutique officielle","description":"","potentialAction":[{"@type":"SearchAction","target":{"@type":"EntryPoint","urlTemplate":"https:\/\/shop.tablesoccer.org\/?s={search_term_string}"},"query-input":{"@type":"PropertyValueSpecification","valueRequired":true,"valueName":"search_term_string"}}],"inLanguage":"de"}]}},"_links":{"self":[{"href":"https:\/\/shop.tablesoccer.org\/de\/wp-json\/wp\/v2\/product\/10280","targetHints":{"allow":["GET"]}}],"collection":[{"href":"https:\/\/shop.tablesoccer.org\/de\/wp-json\/wp\/v2\/product"}],"about":[{"href":"https:\/\/shop.tablesoccer.org\/de\/wp-json\/wp\/v2\/types\/product"}],"replies":[{"embeddable":true,"href":"https:\/\/shop.tablesoccer.org\/de\/wp-json\/wp\/v2\/comments?post=10280"}],"wp:featuredmedia":[{"embeddable":true,"href":"https:\/\/shop.tablesoccer.org\/de\/wp-json\/wp\/v2\/media\/10281"}],"wp:attachment":[{"href":"https:\/\/shop.tablesoccer.org\/de\/wp-json\/wp\/v2\/media?parent=10280"}],"wp:term":[{"taxonomy":"product_brand","embeddable":true,"href":"https:\/\/shop.tablesoccer.org\/de\/wp-json\/wp\/v2\/product_brand?post=10280"},{"taxonomy":"product_cat","embeddable":true,"href":"https:\/\/shop.tablesoccer.org\/de\/wp-json\/wp\/v2\/product_cat?post=10280"},{"taxonomy":"product_tag","embeddable":true,"href":"https:\/\/shop.tablesoccer.org\/de\/wp-json\/wp\/v2\/product_tag?post=10280"}],"curies":[{"name":"wp","href":"https:\/\/api.w.org\/{rel}","templated":true}]}}