{"id":10161,"date":"2023-12-22T09:36:41","date_gmt":"2023-12-22T08:36:41","guid":{"rendered":"https:\/\/shop.tablesoccer.org\/?post_type=product&#038;p=10161"},"modified":"2026-02-18T14:01:57","modified_gmt":"2026-02-18T13:01:57","slug":"package-itsf-dvd-set-dvd-world-cup-2017-foosball","status":"publish","type":"product","link":"https:\/\/shop.tablesoccer.org\/de\/produkt\/package-itsf-dvd-set-dvd-world-cup-2017-foosball\/","title":{"rendered":"Package foosball ITSF DVD Set &#038; DVD World Cup 2017"},"content":{"rendered":"<p>Pack de coffrets DVDs comprenant le coffret de DVDs retra\u00e7ant les ITSF World Championships et les ITSF World Cups de 2009 \u00e0 2015 + le coffret de DVDs retra\u00e7ant l\u2019ITSF World Cup 2017 \u00e0 Hambourg.<\/p>\n<p>Pack avec ITSF DVD Set &amp; DVD World Cup 2017 : &#8211; ITSF Worlds Edition de 2009 \u00e0 2015 : 16 DVDs, Images par Kozoom et commentaires par Jim Stevens + Bonus 2006 &amp; 2008 + 2 photos Books &#8211; 6 DVDs avec les meilleurs matchs de la World Cup 2017 \u00e0 Hambourg<\/p>\n<p><strong>Menu:<\/strong><br \/>\n&#8211; DVD 1 Final Nations Men 1\/2 Final Nations Men 1\/4 Final Nations Men Final Nations Women Final Nations Junior<br \/>\n&#8211; DVD 2 Final Singles Men 1\/2 Final Singles Men 1\/8 Final Singles Men 1\/16 Final Singles Men 1\/32 Final Singles Men<br \/>\n&#8211; DVD 3 1\/2 Final Classic Doubles Men 1\/2 Final Classic Doubles Women Final Classic Doubles Junior<br \/>\n&#8211; DVD 4 Final Doubles Men 1\/2 Final Doubles Men 1\/64 Final Doubles Women<br \/>\n&#8211; DVD 5 Final Speedball Men Final Speedball Women Final Speedball Junior<br \/>\n&#8211; DVD 6 Closing ceremony<\/p>","protected":false},"excerpt":{"rendered":"<p>Pack avec les DVDs ITSF Worlds Edition &amp; les DVDs World Cup 2017 :<br \/>\n&#8211; ITSF Worlds Edition de 2009 \u00e0 2015 : 16 DVDs<br \/>\n&#8211; 6 DVDs avec les meilleurs matchs de la World Cup 2017 \u00e0 Hambourg<\/p>","protected":false},"featured_media":9772,"comment_status":"open","ping_status":"closed","template":"","meta":[],"product_brand":[],"product_cat":[161,98],"product_tag":[],"class_list":{"0":"post-10161","1":"product","2":"type-product","3":"status-publish","4":"has-post-thumbnail","6":"product_cat-gobelet-gourde-tour-de-cou-sac-banane-baby-foot","7":"product_cat-accessoires-goodies","9":"first","10":"instock","11":"sale","12":"taxable","13":"shipping-taxable","14":"purchasable","15":"product-type-simple"},"yoast_head":"<!-- This site is optimized with the Yoast SEO plugin v26.5 - https:\/\/yoast.com\/wordpress\/plugins\/seo\/ -->\n<title>Package foosball ITSF DVD Set &amp; DVD World Cup 2017 - ITSF Boutique officielle<\/title>\n<meta name=\"description\" content=\"Package ITSF DVD Set &amp; DVD World Cup 2017 : Revivez les Worlds Series et les Worlds Championships ITSF de 2009 \u00e0 2015 et \u00e9galement la World Cup ITSF 2017 !\" \/>\n<meta name=\"robots\" content=\"index, follow, max-snippet:-1, max-image-preview:large, max-video-preview:-1\" \/>\n<link rel=\"canonical\" href=\"https:\/\/shop.tablesoccer.org\/de\/produkt\/package-itsf-dvd-set-dvd-world-cup-2017-foosball\/\" \/>\n<meta property=\"og:locale\" content=\"de_DE\" \/>\n<meta property=\"og:type\" content=\"article\" \/>\n<meta property=\"og:title\" content=\"Package foosball ITSF DVD Set &amp; DVD World Cup 2017 - ITSF Boutique officielle\" \/>\n<meta property=\"og:description\" content=\"Package ITSF DVD Set &amp; DVD World Cup 2017 : Revivez les Worlds Series et les Worlds Championships ITSF de 2009 \u00e0 2015 et \u00e9galement la World Cup ITSF 2017 !\" \/>\n<meta property=\"og:url\" content=\"https:\/\/shop.tablesoccer.org\/de\/produkt\/package-itsf-dvd-set-dvd-world-cup-2017-foosball\/\" \/>\n<meta property=\"og:site_name\" content=\"ITSF Boutique officielle\" \/>\n<meta property=\"article:modified_time\" content=\"2026-02-18T13:01:57+00:00\" \/>\n<meta property=\"og:image\" content=\"https:\/\/shop.tablesoccer.org\/wp-content\/uploads\/2023\/11\/visuel_produits_package.jpg\" \/>\n\t<meta property=\"og:image:width\" content=\"1600\" \/>\n\t<meta property=\"og:image:height\" content=\"1280\" \/>\n\t<meta property=\"og:image:type\" content=\"image\/jpeg\" \/>\n<meta name=\"twitter:card\" content=\"summary_large_image\" \/>\n<meta name=\"twitter:label1\" content=\"Gesch\u00e4tzte Lesezeit\" \/>\n\t<meta name=\"twitter:data1\" content=\"2\u00a0Minuten\" \/>\n<script type=\"application\/ld+json\" class=\"yoast-schema-graph\">{\"@context\":\"https:\/\/schema.org\",\"@graph\":[{\"@type\":\"WebPage\",\"@id\":\"https:\/\/shop.tablesoccer.org\/produit\/package-itsf-dvd-set-dvd-world-cup-2017-foosball\/\",\"url\":\"https:\/\/shop.tablesoccer.org\/produit\/package-itsf-dvd-set-dvd-world-cup-2017-foosball\/\",\"name\":\"Package foosball ITSF DVD Set & DVD World Cup 2017 - ITSF Boutique officielle\",\"isPartOf\":{\"@id\":\"https:\/\/shop.tablesoccer.org\/#website\"},\"primaryImageOfPage\":{\"@id\":\"https:\/\/shop.tablesoccer.org\/produit\/package-itsf-dvd-set-dvd-world-cup-2017-foosball\/#primaryimage\"},\"image\":{\"@id\":\"https:\/\/shop.tablesoccer.org\/produit\/package-itsf-dvd-set-dvd-world-cup-2017-foosball\/#primaryimage\"},\"thumbnailUrl\":\"https:\/\/shop.tablesoccer.org\/wp-content\/uploads\/2023\/11\/visuel_produits_package.jpg\",\"datePublished\":\"2023-12-22T08:36:41+00:00\",\"dateModified\":\"2026-02-18T13:01:57+00:00\",\"description\":\"Package ITSF DVD Set & DVD World Cup 2017 : Revivez les Worlds Series et les Worlds Championships ITSF de 2009 \u00e0 2015 et \u00e9galement la World Cup ITSF 2017 !\",\"breadcrumb\":{\"@id\":\"https:\/\/shop.tablesoccer.org\/produit\/package-itsf-dvd-set-dvd-world-cup-2017-foosball\/#breadcrumb\"},\"inLanguage\":\"de\",\"potentialAction\":[{\"@type\":\"ReadAction\",\"target\":[\"https:\/\/shop.tablesoccer.org\/produit\/package-itsf-dvd-set-dvd-world-cup-2017-foosball\/\"]}]},{\"@type\":\"ImageObject\",\"inLanguage\":\"de\",\"@id\":\"https:\/\/shop.tablesoccer.org\/produit\/package-itsf-dvd-set-dvd-world-cup-2017-foosball\/#primaryimage\",\"url\":\"https:\/\/shop.tablesoccer.org\/wp-content\/uploads\/2023\/11\/visuel_produits_package.jpg\",\"contentUrl\":\"https:\/\/shop.tablesoccer.org\/wp-content\/uploads\/2023\/11\/visuel_produits_package.jpg\",\"width\":1600,\"height\":1280},{\"@type\":\"BreadcrumbList\",\"@id\":\"https:\/\/shop.tablesoccer.org\/produit\/package-itsf-dvd-set-dvd-world-cup-2017-foosball\/#breadcrumb\",\"itemListElement\":[{\"@type\":\"ListItem\",\"position\":1,\"name\":\"Accueil\",\"item\":\"https:\/\/shop.tablesoccer.org\/\"},{\"@type\":\"ListItem\",\"position\":2,\"name\":\"Boutique\",\"item\":\"https:\/\/shop.tablesoccer.org\/accueil\/boutique\/\"},{\"@type\":\"ListItem\",\"position\":3,\"name\":\"Package foosball ITSF DVD Set &#038; DVD World Cup 2017\"}]},{\"@type\":\"WebSite\",\"@id\":\"https:\/\/shop.tablesoccer.org\/#website\",\"url\":\"https:\/\/shop.tablesoccer.org\/\",\"name\":\"ITSF Boutique officielle\",\"description\":\"\",\"potentialAction\":[{\"@type\":\"SearchAction\",\"target\":{\"@type\":\"EntryPoint\",\"urlTemplate\":\"https:\/\/shop.tablesoccer.org\/?s={search_term_string}\"},\"query-input\":{\"@type\":\"PropertyValueSpecification\",\"valueRequired\":true,\"valueName\":\"search_term_string\"}}],\"inLanguage\":\"de\"}]}<\/script>\n<!-- \/ Yoast SEO plugin. -->","yoast_head_json":{"title":"Package foosball ITSF DVD Set & DVD World Cup 2017 - ITSF Boutique officielle","description":"Package ITSF DVD Set & DVD World Cup 2017 : Revivez les Worlds Series et les Worlds Championships ITSF de 2009 \u00e0 2015 et \u00e9galement la World Cup ITSF 2017 !","robots":{"index":"index","follow":"follow","max-snippet":"max-snippet:-1","max-image-preview":"max-image-preview:large","max-video-preview":"max-video-preview:-1"},"canonical":"https:\/\/shop.tablesoccer.org\/de\/produkt\/package-itsf-dvd-set-dvd-world-cup-2017-foosball\/","og_locale":"de_DE","og_type":"article","og_title":"Package foosball ITSF DVD Set & DVD World Cup 2017 - ITSF Boutique officielle","og_description":"Package ITSF DVD Set & DVD World Cup 2017 : Revivez les Worlds Series et les Worlds Championships ITSF de 2009 \u00e0 2015 et \u00e9galement la World Cup ITSF 2017 !","og_url":"https:\/\/shop.tablesoccer.org\/de\/produkt\/package-itsf-dvd-set-dvd-world-cup-2017-foosball\/","og_site_name":"ITSF Boutique officielle","article_modified_time":"2026-02-18T13:01:57+00:00","og_image":[{"width":1600,"height":1280,"url":"https:\/\/shop.tablesoccer.org\/wp-content\/uploads\/2023\/11\/visuel_produits_package.jpg","type":"image\/jpeg"}],"twitter_card":"summary_large_image","twitter_misc":{"Gesch\u00e4tzte Lesezeit":"2\u00a0Minuten"},"schema":{"@context":"https:\/\/schema.org","@graph":[{"@type":"WebPage","@id":"https:\/\/shop.tablesoccer.org\/produit\/package-itsf-dvd-set-dvd-world-cup-2017-foosball\/","url":"https:\/\/shop.tablesoccer.org\/produit\/package-itsf-dvd-set-dvd-world-cup-2017-foosball\/","name":"Package foosball ITSF DVD Set & DVD World Cup 2017 - ITSF Boutique officielle","isPartOf":{"@id":"https:\/\/shop.tablesoccer.org\/#website"},"primaryImageOfPage":{"@id":"https:\/\/shop.tablesoccer.org\/produit\/package-itsf-dvd-set-dvd-world-cup-2017-foosball\/#primaryimage"},"image":{"@id":"https:\/\/shop.tablesoccer.org\/produit\/package-itsf-dvd-set-dvd-world-cup-2017-foosball\/#primaryimage"},"thumbnailUrl":"https:\/\/shop.tablesoccer.org\/wp-content\/uploads\/2023\/11\/visuel_produits_package.jpg","datePublished":"2023-12-22T08:36:41+00:00","dateModified":"2026-02-18T13:01:57+00:00","description":"Package ITSF DVD Set & DVD World Cup 2017 : Revivez les Worlds Series et les Worlds Championships ITSF de 2009 \u00e0 2015 et \u00e9galement la World Cup ITSF 2017 !","breadcrumb":{"@id":"https:\/\/shop.tablesoccer.org\/produit\/package-itsf-dvd-set-dvd-world-cup-2017-foosball\/#breadcrumb"},"inLanguage":"de","potentialAction":[{"@type":"ReadAction","target":["https:\/\/shop.tablesoccer.org\/produit\/package-itsf-dvd-set-dvd-world-cup-2017-foosball\/"]}]},{"@type":"ImageObject","inLanguage":"de","@id":"https:\/\/shop.tablesoccer.org\/produit\/package-itsf-dvd-set-dvd-world-cup-2017-foosball\/#primaryimage","url":"https:\/\/shop.tablesoccer.org\/wp-content\/uploads\/2023\/11\/visuel_produits_package.jpg","contentUrl":"https:\/\/shop.tablesoccer.org\/wp-content\/uploads\/2023\/11\/visuel_produits_package.jpg","width":1600,"height":1280},{"@type":"BreadcrumbList","@id":"https:\/\/shop.tablesoccer.org\/produit\/package-itsf-dvd-set-dvd-world-cup-2017-foosball\/#breadcrumb","itemListElement":[{"@type":"ListItem","position":1,"name":"Accueil","item":"https:\/\/shop.tablesoccer.org\/"},{"@type":"ListItem","position":2,"name":"Boutique","item":"https:\/\/shop.tablesoccer.org\/accueil\/boutique\/"},{"@type":"ListItem","position":3,"name":"Package foosball ITSF DVD Set &#038; DVD World Cup 2017"}]},{"@type":"WebSite","@id":"https:\/\/shop.tablesoccer.org\/#website","url":"https:\/\/shop.tablesoccer.org\/","name":"ITSF Boutique officielle","description":"","potentialAction":[{"@type":"SearchAction","target":{"@type":"EntryPoint","urlTemplate":"https:\/\/shop.tablesoccer.org\/?s={search_term_string}"},"query-input":{"@type":"PropertyValueSpecification","valueRequired":true,"valueName":"search_term_string"}}],"inLanguage":"de"}]}},"_links":{"self":[{"href":"https:\/\/shop.tablesoccer.org\/de\/wp-json\/wp\/v2\/product\/10161","targetHints":{"allow":["GET"]}}],"collection":[{"href":"https:\/\/shop.tablesoccer.org\/de\/wp-json\/wp\/v2\/product"}],"about":[{"href":"https:\/\/shop.tablesoccer.org\/de\/wp-json\/wp\/v2\/types\/product"}],"replies":[{"embeddable":true,"href":"https:\/\/shop.tablesoccer.org\/de\/wp-json\/wp\/v2\/comments?post=10161"}],"wp:featuredmedia":[{"embeddable":true,"href":"https:\/\/shop.tablesoccer.org\/de\/wp-json\/wp\/v2\/media\/9772"}],"wp:attachment":[{"href":"https:\/\/shop.tablesoccer.org\/de\/wp-json\/wp\/v2\/media?parent=10161"}],"wp:term":[{"taxonomy":"product_brand","embeddable":true,"href":"https:\/\/shop.tablesoccer.org\/de\/wp-json\/wp\/v2\/product_brand?post=10161"},{"taxonomy":"product_cat","embeddable":true,"href":"https:\/\/shop.tablesoccer.org\/de\/wp-json\/wp\/v2\/product_cat?post=10161"},{"taxonomy":"product_tag","embeddable":true,"href":"https:\/\/shop.tablesoccer.org\/de\/wp-json\/wp\/v2\/product_tag?post=10161"}],"curies":[{"name":"wp","href":"https:\/\/api.w.org\/{rel}","templated":true}]}}