{"id":10157,"date":"2023-12-21T16:45:08","date_gmt":"2023-12-21T15:45:08","guid":{"rendered":"https:\/\/shop.tablesoccer.org\/?post_type=product&#038;p=10157"},"modified":"2026-03-08T17:24:46","modified_gmt":"2026-03-08T16:24:46","slug":"casquette-itsf-noire","status":"publish","type":"product","link":"https:\/\/shop.tablesoccer.org\/de\/produkt\/casquette-itsf-noire\/","title":{"rendered":"Schwarze ITSF-Kappe"},"content":{"rendered":"<p style=\"font-weight: 400;\"><strong>Beschreibung:<\/strong><\/p>\n<p style=\"font-weight: 400;\">Die ITSF Foosball-Kappe ist ein offizielles Accessoire aus Baumwolle, schlicht und elegant, perfekt, um Ihre Leidenschaft f\u00fcr Tischfu\u00dfball zu zeigen. \" FOOSBALL\" ist auf der Vorderseite aufgestickt, w\u00e4hrend das ITSF-Logo auf der verstellbaren hinteren Zunge erscheint.<\/p>\n<p>&nbsp;<\/p>\n<p style=\"font-weight: 400;\"><strong>Eigenschaften:<\/strong><\/p>\n<ul>\n<li>Material: Baumwolle<\/li>\n<li>Farbe: schwarz<\/li>\n<li>Gr\u00f6\u00dfe: einzigartig, einstellbar durch die hintere Lasche<\/li>\n<\/ul>\n<p>&nbsp;<\/p>\n<p style=\"font-weight: 400;\"><strong>Pflegetipp<\/strong><\/p>\n<p style=\"font-weight: 400;\">Verwenden Sie zum Reinigen der Kappe ein weiches Tuch oder eine weiche B\u00fcrste, vermeiden Sie aggressive Reinigungsmittel, um die Stickerei zu erhalten, und lassen Sie sie an der Luft trocknen, weit entfernt von jeder direkten W\u00e4rmequelle.<\/p>\n<p style=\"font-weight: 400;\">Finden Sie unsere gesamte Auswahl in der Kategorie: <a href=\"https:\/\/shop.tablesoccer.org\/de\/produkt-kategorie\/accessoires-goodies\/casquettes-baby-foot-itsf\/\">ITSF Tischfussball Caps<\/a><\/p>","protected":false},"excerpt":{"rendered":"<p style=\"font-weight: 400;\">Schwarze Kappe mit aufgesticktem  \"ITSF \" auf der Vorderseite. Aufgesticktes ITSF-Logo auf der Einstelllasche. Einheitsgr\u00f6\u00dfe verstellbar.<\/p>\n<p style=\"font-weight: 400;\">","protected":false},"featured_media":9832,"comment_status":"open","ping_status":"closed","template":"","meta":[],"product_brand":[],"product_cat":[98,162],"product_tag":[],"class_list":{"0":"post-10157","1":"product","2":"type-product","3":"status-publish","4":"has-post-thumbnail","6":"product_cat-accessoires-goodies","7":"product_cat-t-shirts-baby-foot","9":"first","10":"instock","11":"sale","12":"taxable","13":"shipping-taxable","14":"purchasable","15":"product-type-simple"},"yoast_head":"<!-- This site is optimized with the Yoast SEO plugin v26.5 - https:\/\/yoast.com\/wordpress\/plugins\/seo\/ -->\n<title>Casquette ITSF noire - ITSF Boutique officielle<\/title>\n<meta name=\"description\" content=\"Casquette noire ITSF : Casquette officielle ITSF noire avec logo brod\u00e9 \u00e0 l&#039;avant. Taille unique ajustable. Commandez-l\u00e0 sur l&#039;ITSF Store !\" \/>\n<meta name=\"robots\" content=\"index, follow, max-snippet:-1, max-image-preview:large, max-video-preview:-1\" \/>\n<link rel=\"canonical\" href=\"https:\/\/shop.tablesoccer.org\/de\/produkt\/casquette-itsf-noire\/\" \/>\n<meta property=\"og:locale\" content=\"de_DE\" \/>\n<meta property=\"og:type\" content=\"article\" \/>\n<meta property=\"og:title\" content=\"Casquette ITSF noire - ITSF Boutique officielle\" \/>\n<meta property=\"og:description\" content=\"Casquette noire ITSF : Casquette officielle ITSF noire avec logo brod\u00e9 \u00e0 l&#039;avant. Taille unique ajustable. Commandez-l\u00e0 sur l&#039;ITSF Store !\" \/>\n<meta property=\"og:url\" content=\"https:\/\/shop.tablesoccer.org\/de\/produkt\/casquette-itsf-noire\/\" \/>\n<meta property=\"og:site_name\" content=\"ITSF Boutique officielle\" \/>\n<meta property=\"article:modified_time\" content=\"2026-03-08T16:24:46+00:00\" \/>\n<meta property=\"og:image\" content=\"https:\/\/shop.tablesoccer.org\/wp-content\/uploads\/2023\/11\/casquete_noir_.jpg\" \/>\n\t<meta property=\"og:image:width\" content=\"1600\" \/>\n\t<meta property=\"og:image:height\" content=\"1348\" \/>\n\t<meta property=\"og:image:type\" content=\"image\/jpeg\" \/>\n<meta name=\"twitter:card\" content=\"summary_large_image\" \/>\n<meta name=\"twitter:label1\" content=\"Gesch\u00e4tzte Lesezeit\" \/>\n\t<meta name=\"twitter:data1\" content=\"1\u00a0Minute\" \/>\n<script type=\"application\/ld+json\" class=\"yoast-schema-graph\">{\"@context\":\"https:\/\/schema.org\",\"@graph\":[{\"@type\":\"WebPage\",\"@id\":\"https:\/\/shop.tablesoccer.org\/produit\/casquette-itsf-noire\/\",\"url\":\"https:\/\/shop.tablesoccer.org\/produit\/casquette-itsf-noire\/\",\"name\":\"Casquette ITSF noire - ITSF Boutique officielle\",\"isPartOf\":{\"@id\":\"https:\/\/shop.tablesoccer.org\/#website\"},\"primaryImageOfPage\":{\"@id\":\"https:\/\/shop.tablesoccer.org\/produit\/casquette-itsf-noire\/#primaryimage\"},\"image\":{\"@id\":\"https:\/\/shop.tablesoccer.org\/produit\/casquette-itsf-noire\/#primaryimage\"},\"thumbnailUrl\":\"https:\/\/shop.tablesoccer.org\/wp-content\/uploads\/2023\/11\/casquete_noir_.jpg\",\"datePublished\":\"2023-12-21T15:45:08+00:00\",\"dateModified\":\"2026-03-08T16:24:46+00:00\",\"description\":\"Casquette noire ITSF : Casquette officielle ITSF noire avec logo brod\u00e9 \u00e0 l'avant. Taille unique ajustable. Commandez-l\u00e0 sur l'ITSF Store !\",\"breadcrumb\":{\"@id\":\"https:\/\/shop.tablesoccer.org\/produit\/casquette-itsf-noire\/#breadcrumb\"},\"inLanguage\":\"de\",\"potentialAction\":[{\"@type\":\"ReadAction\",\"target\":[\"https:\/\/shop.tablesoccer.org\/produit\/casquette-itsf-noire\/\"]}]},{\"@type\":\"ImageObject\",\"inLanguage\":\"de\",\"@id\":\"https:\/\/shop.tablesoccer.org\/produit\/casquette-itsf-noire\/#primaryimage\",\"url\":\"https:\/\/shop.tablesoccer.org\/wp-content\/uploads\/2023\/11\/casquete_noir_.jpg\",\"contentUrl\":\"https:\/\/shop.tablesoccer.org\/wp-content\/uploads\/2023\/11\/casquete_noir_.jpg\",\"width\":1600,\"height\":1348},{\"@type\":\"BreadcrumbList\",\"@id\":\"https:\/\/shop.tablesoccer.org\/produit\/casquette-itsf-noire\/#breadcrumb\",\"itemListElement\":[{\"@type\":\"ListItem\",\"position\":1,\"name\":\"Accueil\",\"item\":\"https:\/\/shop.tablesoccer.org\/\"},{\"@type\":\"ListItem\",\"position\":2,\"name\":\"Boutique\",\"item\":\"https:\/\/shop.tablesoccer.org\/accueil\/boutique\/\"},{\"@type\":\"ListItem\",\"position\":3,\"name\":\"Casquette ITSF noire\"}]},{\"@type\":\"WebSite\",\"@id\":\"https:\/\/shop.tablesoccer.org\/#website\",\"url\":\"https:\/\/shop.tablesoccer.org\/\",\"name\":\"ITSF Boutique officielle\",\"description\":\"\",\"potentialAction\":[{\"@type\":\"SearchAction\",\"target\":{\"@type\":\"EntryPoint\",\"urlTemplate\":\"https:\/\/shop.tablesoccer.org\/?s={search_term_string}\"},\"query-input\":{\"@type\":\"PropertyValueSpecification\",\"valueRequired\":true,\"valueName\":\"search_term_string\"}}],\"inLanguage\":\"de\"}]}<\/script>\n<!-- \/ Yoast SEO plugin. -->","yoast_head_json":{"title":"Casquette ITSF noire - ITSF Boutique officielle","description":"Casquette noire ITSF : Casquette officielle ITSF noire avec logo brod\u00e9 \u00e0 l'avant. Taille unique ajustable. Commandez-l\u00e0 sur l'ITSF Store !","robots":{"index":"index","follow":"follow","max-snippet":"max-snippet:-1","max-image-preview":"max-image-preview:large","max-video-preview":"max-video-preview:-1"},"canonical":"https:\/\/shop.tablesoccer.org\/de\/produkt\/casquette-itsf-noire\/","og_locale":"de_DE","og_type":"article","og_title":"Casquette ITSF noire - ITSF Boutique officielle","og_description":"Casquette noire ITSF : Casquette officielle ITSF noire avec logo brod\u00e9 \u00e0 l'avant. Taille unique ajustable. Commandez-l\u00e0 sur l'ITSF Store !","og_url":"https:\/\/shop.tablesoccer.org\/de\/produkt\/casquette-itsf-noire\/","og_site_name":"ITSF Boutique officielle","article_modified_time":"2026-03-08T16:24:46+00:00","og_image":[{"width":1600,"height":1348,"url":"https:\/\/shop.tablesoccer.org\/wp-content\/uploads\/2023\/11\/casquete_noir_.jpg","type":"image\/jpeg"}],"twitter_card":"summary_large_image","twitter_misc":{"Gesch\u00e4tzte Lesezeit":"1\u00a0Minute"},"schema":{"@context":"https:\/\/schema.org","@graph":[{"@type":"WebPage","@id":"https:\/\/shop.tablesoccer.org\/produit\/casquette-itsf-noire\/","url":"https:\/\/shop.tablesoccer.org\/produit\/casquette-itsf-noire\/","name":"Casquette ITSF noire - ITSF Boutique officielle","isPartOf":{"@id":"https:\/\/shop.tablesoccer.org\/#website"},"primaryImageOfPage":{"@id":"https:\/\/shop.tablesoccer.org\/produit\/casquette-itsf-noire\/#primaryimage"},"image":{"@id":"https:\/\/shop.tablesoccer.org\/produit\/casquette-itsf-noire\/#primaryimage"},"thumbnailUrl":"https:\/\/shop.tablesoccer.org\/wp-content\/uploads\/2023\/11\/casquete_noir_.jpg","datePublished":"2023-12-21T15:45:08+00:00","dateModified":"2026-03-08T16:24:46+00:00","description":"Casquette noire ITSF : Casquette officielle ITSF noire avec logo brod\u00e9 \u00e0 l'avant. Taille unique ajustable. Commandez-l\u00e0 sur l'ITSF Store !","breadcrumb":{"@id":"https:\/\/shop.tablesoccer.org\/produit\/casquette-itsf-noire\/#breadcrumb"},"inLanguage":"de","potentialAction":[{"@type":"ReadAction","target":["https:\/\/shop.tablesoccer.org\/produit\/casquette-itsf-noire\/"]}]},{"@type":"ImageObject","inLanguage":"de","@id":"https:\/\/shop.tablesoccer.org\/produit\/casquette-itsf-noire\/#primaryimage","url":"https:\/\/shop.tablesoccer.org\/wp-content\/uploads\/2023\/11\/casquete_noir_.jpg","contentUrl":"https:\/\/shop.tablesoccer.org\/wp-content\/uploads\/2023\/11\/casquete_noir_.jpg","width":1600,"height":1348},{"@type":"BreadcrumbList","@id":"https:\/\/shop.tablesoccer.org\/produit\/casquette-itsf-noire\/#breadcrumb","itemListElement":[{"@type":"ListItem","position":1,"name":"Accueil","item":"https:\/\/shop.tablesoccer.org\/"},{"@type":"ListItem","position":2,"name":"Boutique","item":"https:\/\/shop.tablesoccer.org\/accueil\/boutique\/"},{"@type":"ListItem","position":3,"name":"Casquette ITSF noire"}]},{"@type":"WebSite","@id":"https:\/\/shop.tablesoccer.org\/#website","url":"https:\/\/shop.tablesoccer.org\/","name":"ITSF Boutique officielle","description":"","potentialAction":[{"@type":"SearchAction","target":{"@type":"EntryPoint","urlTemplate":"https:\/\/shop.tablesoccer.org\/?s={search_term_string}"},"query-input":{"@type":"PropertyValueSpecification","valueRequired":true,"valueName":"search_term_string"}}],"inLanguage":"de"}]}},"_links":{"self":[{"href":"https:\/\/shop.tablesoccer.org\/de\/wp-json\/wp\/v2\/product\/10157","targetHints":{"allow":["GET"]}}],"collection":[{"href":"https:\/\/shop.tablesoccer.org\/de\/wp-json\/wp\/v2\/product"}],"about":[{"href":"https:\/\/shop.tablesoccer.org\/de\/wp-json\/wp\/v2\/types\/product"}],"replies":[{"embeddable":true,"href":"https:\/\/shop.tablesoccer.org\/de\/wp-json\/wp\/v2\/comments?post=10157"}],"wp:featuredmedia":[{"embeddable":true,"href":"https:\/\/shop.tablesoccer.org\/de\/wp-json\/wp\/v2\/media\/9832"}],"wp:attachment":[{"href":"https:\/\/shop.tablesoccer.org\/de\/wp-json\/wp\/v2\/media?parent=10157"}],"wp:term":[{"taxonomy":"product_brand","embeddable":true,"href":"https:\/\/shop.tablesoccer.org\/de\/wp-json\/wp\/v2\/product_brand?post=10157"},{"taxonomy":"product_cat","embeddable":true,"href":"https:\/\/shop.tablesoccer.org\/de\/wp-json\/wp\/v2\/product_cat?post=10157"},{"taxonomy":"product_tag","embeddable":true,"href":"https:\/\/shop.tablesoccer.org\/de\/wp-json\/wp\/v2\/product_tag?post=10157"}],"curies":[{"name":"wp","href":"https:\/\/api.w.org\/{rel}","templated":true}]}}