{"id":10143,"date":"2023-12-21T16:12:03","date_gmt":"2023-12-21T15:12:03","guid":{"rendered":"https:\/\/shop.tablesoccer.org\/?post_type=product&#038;p=10143"},"modified":"2026-02-17T12:20:32","modified_gmt":"2026-02-17T11:20:32","slug":"orange-itsf-t-shirt-baby-foot","status":"publish","type":"product","link":"https:\/\/shop.tablesoccer.org\/de\/produkt\/orange-itsf-t-shirt-baby-foot\/","title":{"rendered":"ITSF T-Shirt Orange Tischfu\u00dfball"},"content":{"rendered":"<p style=\"font-weight: 400;\"><strong>Beschreibung: <\/strong><\/p>\n<p style=\"font-weight: 400;\">Das ITSF Orange T-Shirt ist ein offizielles Modell der International Table Soccer Federation (ITSF). F\u00fcr Tischfussballfans konzipiert, vereint er Stil, Komfort und Authentizit\u00e4t. Seine leuchtend orange Farbe macht es zu einer markanten Wahl, die sowohl vor als auch w\u00e4hrend oder nach den Spielen leicht zu tragen ist.<\/p>\n<p style=\"font-weight: 400;\"><strong>Eigenschaften:<\/strong><\/p>\n<p style=\"font-weight: 400;\">- Material: 100 % Ringspun Halbgek\u00e4mmte Baumwolle + Elasthan am Kragen.<\/p>\n<p style=\"font-weight: 400;\">Verf\u00fcgbar in den Gr\u00f6\u00dfen: S, M, L, XL, XXL, XXXL<\/p>\n<p style=\"font-weight: 400;\">- Schnitt: U-Ausschnitt mit Rundhalsausschnitt.<\/p>\n<p>&nbsp;<\/p>\n<p style=\"font-weight: 400;\"><strong>Pflegetipp<\/strong><\/p>\n<p style=\"font-weight: 400;\">Waschen Sie das T-Shirt verkehrt herum bei m\u00e4\u00dfiger Temperatur (~30 \u00b0C), um die Farbbrillanz und die Qualit\u00e4t der Baumwolle zu erhalten. Trocknen Sie es lieber an der Luft statt im W\u00e4schetrockner. Bei Bedarf sanft b\u00fcgeln, Druck vermeiden.<\/p>\n<p style=\"font-weight: 400;\">Ein einfaches, aber effektvolles T-Shirt: Mit dem ITSF Orange T-Shirt zeigen Sie Ihre Leidenschaft f\u00fcr den Tischfu\u00dfball!<\/p>\n<p style=\"font-weight: 400;\">Finden Sie unsere gesamte Auswahl in der Kategorie: <a href=\"https:\/\/shop.tablesoccer.org\/de\/produkt-kategorie\/accessoires-goodies\/t-shirts-baby-foot\/\">Kicker-T-Shirt<\/a><\/p>","protected":false},"excerpt":{"rendered":"<p style=\"font-weight: 400;\">Das T-Shirt Orange ITSF ist ein offizielles Modell. Aus dicker Baumwolle gefertigt, bietet es einen angenehmen und langlebigen Schnitt. Erh\u00e4ltlich von S bis XXXL.<\/p>\n<p style=\"font-weight: 400;\">","protected":false},"featured_media":9815,"comment_status":"open","ping_status":"closed","template":"","meta":[],"product_brand":[],"product_cat":[98,171,162],"product_tag":[],"class_list":{"0":"post-10143","1":"product","2":"type-product","3":"status-publish","4":"has-post-thumbnail","6":"product_cat-accessoires-goodies","7":"product_cat-equipements-joueurs-baby-foot","8":"product_cat-t-shirts-baby-foot","10":"first","11":"instock","12":"sale","13":"taxable","14":"shipping-taxable","15":"purchasable","16":"product-type-variable"},"yoast_head":"<!-- This site is optimized with the Yoast SEO plugin v26.5 - https:\/\/yoast.com\/wordpress\/plugins\/seo\/ -->\n<title>T-Shirt Orange baby-foot ITSF - ITSF Boutique officielle<\/title>\n<meta name=\"description\" content=\"T-shirt Orange : T-shirt officiel de l&#039;ITSF, compos\u00e9 de coton et d&#039;\u00e9lasthanne, de couleur blanche et orange. Commandez-le sur l&#039;ITSF Store !\" \/>\n<meta name=\"robots\" content=\"index, follow, max-snippet:-1, max-image-preview:large, max-video-preview:-1\" \/>\n<link rel=\"canonical\" href=\"https:\/\/shop.tablesoccer.org\/de\/produkt\/orange-itsf-t-shirt-baby-foot\/\" \/>\n<meta property=\"og:locale\" content=\"de_DE\" \/>\n<meta property=\"og:type\" content=\"article\" \/>\n<meta property=\"og:title\" content=\"T-Shirt Orange baby-foot ITSF - ITSF Boutique officielle\" \/>\n<meta property=\"og:description\" content=\"T-shirt Orange : T-shirt officiel de l&#039;ITSF, compos\u00e9 de coton et d&#039;\u00e9lasthanne, de couleur blanche et orange. Commandez-le sur l&#039;ITSF Store !\" \/>\n<meta property=\"og:url\" content=\"https:\/\/shop.tablesoccer.org\/de\/produkt\/orange-itsf-t-shirt-baby-foot\/\" \/>\n<meta property=\"og:site_name\" content=\"ITSF Boutique officielle\" \/>\n<meta property=\"article:modified_time\" content=\"2026-02-17T11:20:32+00:00\" \/>\n<meta property=\"og:image\" content=\"https:\/\/shop.tablesoccer.org\/wp-content\/uploads\/2023\/11\/tshirt_foosbook_1_.jpg\" \/>\n\t<meta property=\"og:image:width\" content=\"1600\" \/>\n\t<meta property=\"og:image:height\" content=\"1722\" \/>\n\t<meta property=\"og:image:type\" content=\"image\/jpeg\" \/>\n<meta name=\"twitter:card\" content=\"summary_large_image\" \/>\n<meta name=\"twitter:label1\" content=\"Gesch\u00e4tzte Lesezeit\" \/>\n\t<meta name=\"twitter:data1\" content=\"1\u00a0Minute\" \/>\n<script type=\"application\/ld+json\" class=\"yoast-schema-graph\">{\"@context\":\"https:\/\/schema.org\",\"@graph\":[{\"@type\":\"WebPage\",\"@id\":\"https:\/\/shop.tablesoccer.org\/produit\/orange-itsf-t-shirt-baby-foot\/\",\"url\":\"https:\/\/shop.tablesoccer.org\/produit\/orange-itsf-t-shirt-baby-foot\/\",\"name\":\"T-Shirt Orange baby-foot ITSF - ITSF Boutique officielle\",\"isPartOf\":{\"@id\":\"https:\/\/shop.tablesoccer.org\/#website\"},\"primaryImageOfPage\":{\"@id\":\"https:\/\/shop.tablesoccer.org\/produit\/orange-itsf-t-shirt-baby-foot\/#primaryimage\"},\"image\":{\"@id\":\"https:\/\/shop.tablesoccer.org\/produit\/orange-itsf-t-shirt-baby-foot\/#primaryimage\"},\"thumbnailUrl\":\"https:\/\/shop.tablesoccer.org\/wp-content\/uploads\/2023\/11\/tshirt_foosbook_1_.jpg\",\"datePublished\":\"2023-12-21T15:12:03+00:00\",\"dateModified\":\"2026-02-17T11:20:32+00:00\",\"description\":\"T-shirt Orange : T-shirt officiel de l'ITSF, compos\u00e9 de coton et d'\u00e9lasthanne, de couleur blanche et orange. Commandez-le sur l'ITSF Store !\",\"breadcrumb\":{\"@id\":\"https:\/\/shop.tablesoccer.org\/produit\/orange-itsf-t-shirt-baby-foot\/#breadcrumb\"},\"inLanguage\":\"de\",\"potentialAction\":[{\"@type\":\"ReadAction\",\"target\":[\"https:\/\/shop.tablesoccer.org\/produit\/orange-itsf-t-shirt-baby-foot\/\"]}]},{\"@type\":\"ImageObject\",\"inLanguage\":\"de\",\"@id\":\"https:\/\/shop.tablesoccer.org\/produit\/orange-itsf-t-shirt-baby-foot\/#primaryimage\",\"url\":\"https:\/\/shop.tablesoccer.org\/wp-content\/uploads\/2023\/11\/tshirt_foosbook_1_.jpg\",\"contentUrl\":\"https:\/\/shop.tablesoccer.org\/wp-content\/uploads\/2023\/11\/tshirt_foosbook_1_.jpg\",\"width\":1600,\"height\":1722},{\"@type\":\"BreadcrumbList\",\"@id\":\"https:\/\/shop.tablesoccer.org\/produit\/orange-itsf-t-shirt-baby-foot\/#breadcrumb\",\"itemListElement\":[{\"@type\":\"ListItem\",\"position\":1,\"name\":\"Accueil\",\"item\":\"https:\/\/shop.tablesoccer.org\/\"},{\"@type\":\"ListItem\",\"position\":2,\"name\":\"Boutique\",\"item\":\"https:\/\/shop.tablesoccer.org\/accueil\/boutique\/\"},{\"@type\":\"ListItem\",\"position\":3,\"name\":\"T-Shirt Orange baby-foot ITSF\"}]},{\"@type\":\"WebSite\",\"@id\":\"https:\/\/shop.tablesoccer.org\/#website\",\"url\":\"https:\/\/shop.tablesoccer.org\/\",\"name\":\"ITSF Boutique officielle\",\"description\":\"\",\"potentialAction\":[{\"@type\":\"SearchAction\",\"target\":{\"@type\":\"EntryPoint\",\"urlTemplate\":\"https:\/\/shop.tablesoccer.org\/?s={search_term_string}\"},\"query-input\":{\"@type\":\"PropertyValueSpecification\",\"valueRequired\":true,\"valueName\":\"search_term_string\"}}],\"inLanguage\":\"de\"}]}<\/script>\n<!-- \/ Yoast SEO plugin. -->","yoast_head_json":{"title":"T-Shirt Orange baby-foot ITSF - ITSF Boutique officielle","description":"T-shirt Orange : T-shirt officiel de l'ITSF, compos\u00e9 de coton et d'\u00e9lasthanne, de couleur blanche et orange. Commandez-le sur l'ITSF Store !","robots":{"index":"index","follow":"follow","max-snippet":"max-snippet:-1","max-image-preview":"max-image-preview:large","max-video-preview":"max-video-preview:-1"},"canonical":"https:\/\/shop.tablesoccer.org\/de\/produkt\/orange-itsf-t-shirt-baby-foot\/","og_locale":"de_DE","og_type":"article","og_title":"T-Shirt Orange baby-foot ITSF - ITSF Boutique officielle","og_description":"T-shirt Orange : T-shirt officiel de l'ITSF, compos\u00e9 de coton et d'\u00e9lasthanne, de couleur blanche et orange. Commandez-le sur l'ITSF Store !","og_url":"https:\/\/shop.tablesoccer.org\/de\/produkt\/orange-itsf-t-shirt-baby-foot\/","og_site_name":"ITSF Boutique officielle","article_modified_time":"2026-02-17T11:20:32+00:00","og_image":[{"width":1600,"height":1722,"url":"https:\/\/shop.tablesoccer.org\/wp-content\/uploads\/2023\/11\/tshirt_foosbook_1_.jpg","type":"image\/jpeg"}],"twitter_card":"summary_large_image","twitter_misc":{"Gesch\u00e4tzte Lesezeit":"1\u00a0Minute"},"schema":{"@context":"https:\/\/schema.org","@graph":[{"@type":"WebPage","@id":"https:\/\/shop.tablesoccer.org\/produit\/orange-itsf-t-shirt-baby-foot\/","url":"https:\/\/shop.tablesoccer.org\/produit\/orange-itsf-t-shirt-baby-foot\/","name":"T-Shirt Orange baby-foot ITSF - ITSF Boutique officielle","isPartOf":{"@id":"https:\/\/shop.tablesoccer.org\/#website"},"primaryImageOfPage":{"@id":"https:\/\/shop.tablesoccer.org\/produit\/orange-itsf-t-shirt-baby-foot\/#primaryimage"},"image":{"@id":"https:\/\/shop.tablesoccer.org\/produit\/orange-itsf-t-shirt-baby-foot\/#primaryimage"},"thumbnailUrl":"https:\/\/shop.tablesoccer.org\/wp-content\/uploads\/2023\/11\/tshirt_foosbook_1_.jpg","datePublished":"2023-12-21T15:12:03+00:00","dateModified":"2026-02-17T11:20:32+00:00","description":"T-shirt Orange : T-shirt officiel de l'ITSF, compos\u00e9 de coton et d'\u00e9lasthanne, de couleur blanche et orange. Commandez-le sur l'ITSF Store !","breadcrumb":{"@id":"https:\/\/shop.tablesoccer.org\/produit\/orange-itsf-t-shirt-baby-foot\/#breadcrumb"},"inLanguage":"de","potentialAction":[{"@type":"ReadAction","target":["https:\/\/shop.tablesoccer.org\/produit\/orange-itsf-t-shirt-baby-foot\/"]}]},{"@type":"ImageObject","inLanguage":"de","@id":"https:\/\/shop.tablesoccer.org\/produit\/orange-itsf-t-shirt-baby-foot\/#primaryimage","url":"https:\/\/shop.tablesoccer.org\/wp-content\/uploads\/2023\/11\/tshirt_foosbook_1_.jpg","contentUrl":"https:\/\/shop.tablesoccer.org\/wp-content\/uploads\/2023\/11\/tshirt_foosbook_1_.jpg","width":1600,"height":1722},{"@type":"BreadcrumbList","@id":"https:\/\/shop.tablesoccer.org\/produit\/orange-itsf-t-shirt-baby-foot\/#breadcrumb","itemListElement":[{"@type":"ListItem","position":1,"name":"Accueil","item":"https:\/\/shop.tablesoccer.org\/"},{"@type":"ListItem","position":2,"name":"Boutique","item":"https:\/\/shop.tablesoccer.org\/accueil\/boutique\/"},{"@type":"ListItem","position":3,"name":"T-Shirt Orange baby-foot ITSF"}]},{"@type":"WebSite","@id":"https:\/\/shop.tablesoccer.org\/#website","url":"https:\/\/shop.tablesoccer.org\/","name":"ITSF Boutique officielle","description":"","potentialAction":[{"@type":"SearchAction","target":{"@type":"EntryPoint","urlTemplate":"https:\/\/shop.tablesoccer.org\/?s={search_term_string}"},"query-input":{"@type":"PropertyValueSpecification","valueRequired":true,"valueName":"search_term_string"}}],"inLanguage":"de"}]}},"_links":{"self":[{"href":"https:\/\/shop.tablesoccer.org\/de\/wp-json\/wp\/v2\/product\/10143","targetHints":{"allow":["GET"]}}],"collection":[{"href":"https:\/\/shop.tablesoccer.org\/de\/wp-json\/wp\/v2\/product"}],"about":[{"href":"https:\/\/shop.tablesoccer.org\/de\/wp-json\/wp\/v2\/types\/product"}],"replies":[{"embeddable":true,"href":"https:\/\/shop.tablesoccer.org\/de\/wp-json\/wp\/v2\/comments?post=10143"}],"wp:featuredmedia":[{"embeddable":true,"href":"https:\/\/shop.tablesoccer.org\/de\/wp-json\/wp\/v2\/media\/9815"}],"wp:attachment":[{"href":"https:\/\/shop.tablesoccer.org\/de\/wp-json\/wp\/v2\/media?parent=10143"}],"wp:term":[{"taxonomy":"product_brand","embeddable":true,"href":"https:\/\/shop.tablesoccer.org\/de\/wp-json\/wp\/v2\/product_brand?post=10143"},{"taxonomy":"product_cat","embeddable":true,"href":"https:\/\/shop.tablesoccer.org\/de\/wp-json\/wp\/v2\/product_cat?post=10143"},{"taxonomy":"product_tag","embeddable":true,"href":"https:\/\/shop.tablesoccer.org\/de\/wp-json\/wp\/v2\/product_tag?post=10143"}],"curies":[{"name":"wp","href":"https:\/\/api.w.org\/{rel}","templated":true}]}}