{"id":10122,"date":"2023-12-21T14:40:03","date_gmt":"2023-12-21T13:40:03","guid":{"rendered":"https:\/\/shop.tablesoccer.org\/?post_type=product&#038;p=10122"},"modified":"2026-02-17T12:25:08","modified_gmt":"2026-02-17T11:25:08","slug":"t-shirt-itsf-bordeaux-baby-foot","status":"publish","type":"product","link":"https:\/\/shop.tablesoccer.org\/de\/produkt\/t-shirt-itsf-bordeaux-baby-foot\/","title":{"rendered":"ITSF Bordeaux Kicker-T-Shirt"},"content":{"rendered":"<p style=\"font-weight: 400;\"><strong>Beschreibung:<\/strong><\/p>\n<p style=\"font-weight: 400;\">Zeigen Sie Ihre Leidenschaft f\u00fcr den Tischfu\u00dfball mit dem T-Shirt ITSF Bordeaux, ein offizielles Modell, das auf Komfort, Stil und Nachhaltigkeit ausgelegt ist. Ideal zum Spielen, Unterst\u00fctzen oder Repr\u00e4sentieren der ITSF-Community, bietet es ein angenehmes Gef\u00fchl und einen zuverl\u00e4ssigen Halt w\u00e4hrend des ganzen Tages.<\/p>\n<p>&nbsp;<\/p>\n<p style=\"font-weight: 400;\"><strong>Eigenschaften:<\/strong><\/p>\n<p style=\"font-weight: 400;\">- Material: 100 % gek\u00e4mmte Baumwolle Ringspun, weich und atmungsaktiv<\/p>\n<p style=\"font-weight: 400;\">- Gewicht: 190 g, perfekte Balance zwischen Leichtigkeit und Widerstandsf\u00e4higkeit<\/p>\n<p style=\"font-weight: 400;\">- Farbe: bordeaux, schlicht und elegant<\/p>\n<p style=\"font-weight: 400;\">Erh\u00e4ltliche Gr\u00f6\u00dfen: S, M, L, XL, XXL<\/p>\n<p style=\"font-weight: 400;\">Schnitt: Rundhalsausschnitt, modern und bequem<\/p>\n<p>&nbsp;<\/p>\n<p style=\"font-weight: 400;\"><strong>Pflegetipp<\/strong><\/p>\n<p style=\"font-weight: 400;\">Bei m\u00e4\u00dfiger Temperatur (~30 \u00b0C) r\u00fcckw\u00e4rts waschen. An der Luft trocknen, um Form und Farbe zu erhalten. Bei Bedarf sanft b\u00fcgeln.<\/p>\n<p style=\"font-weight: 400;\">Ein offizielles ITSF-T-Shirt, das Komfort, Stil und Leistung vereint. Perfekt f\u00fcr alle, die ihre Leidenschaft f\u00fcr Tischfu\u00dfball mit Eleganz zeigen m\u00f6chten.<\/p>\n<p style=\"font-weight: 400;\">Finden Sie unsere gesamte Auswahl in der Kategorie:<a href=\"https:\/\/shop.tablesoccer.org\/de\/produkt-kategorie\/accessoires-goodies\/t-shirts-baby-foot\/\"> Kicker-T-Shirt<\/a><\/p>","protected":false},"excerpt":{"rendered":"<p>Das ITSF Bordeaux Foosball T-Shirt ist offiziell, komfortabel und strapazierf\u00e4hig. Es wurde aus Ringspun Baumwolle (190 g) hergestellt und bietet Bewegungsfreiheit und Haltbarkeit. In verschiedenen Gr\u00f6\u00dfen erh\u00e4ltlich, ist es ideal zum Spielen, Unterst\u00fctzen oder Repr\u00e4sentieren der ITSF-Community.<\/p>\n<div class=\"col-main col-sm-9 f-right\">\n<div class=\"product-view\">\n<div class=\"product-collateral\">\n<div class=\"collateral-inner\">\n<div class=\"row\">\n<div class=\"col-sm-12\">\n<div class=\"product-tabs horizontal\">\n<div class=\"clearer\"><\/div>\n<\/div>\n<\/div>\n<\/div>\n<\/div>\n<\/div>\n<\/div>\n<\/div>","protected":false},"featured_media":9783,"comment_status":"open","ping_status":"closed","template":"","meta":[],"product_brand":[],"product_cat":[98,171,162],"product_tag":[],"class_list":{"0":"post-10122","1":"product","2":"type-product","3":"status-publish","4":"has-post-thumbnail","6":"product_cat-accessoires-goodies","7":"product_cat-equipements-joueurs-baby-foot","8":"product_cat-t-shirts-baby-foot","10":"first","11":"instock","12":"sale","13":"taxable","14":"shipping-taxable","15":"purchasable","16":"product-type-variable"},"yoast_head":"<!-- This site is optimized with the Yoast SEO plugin v26.5 - https:\/\/yoast.com\/wordpress\/plugins\/seo\/ -->\n<title>T-Shirt baby-foot ITSF Bordeaux - ITSF Boutique officielle<\/title>\n<meta name=\"description\" content=\"T-shirt ITSF Bordeaux : T-shirt officiel de l&#039;ITSF, compos\u00e9 de coton et d&#039;\u00e9lasthanne, de couleur bordeaux. Commandez-le sur l&#039;ITSF Store !\" \/>\n<meta name=\"robots\" content=\"index, follow, max-snippet:-1, max-image-preview:large, max-video-preview:-1\" \/>\n<link rel=\"canonical\" href=\"https:\/\/shop.tablesoccer.org\/de\/produkt\/t-shirt-itsf-bordeaux-baby-foot\/\" \/>\n<meta property=\"og:locale\" content=\"de_DE\" \/>\n<meta property=\"og:type\" content=\"article\" \/>\n<meta property=\"og:title\" content=\"T-Shirt baby-foot ITSF Bordeaux - ITSF Boutique officielle\" \/>\n<meta property=\"og:description\" content=\"T-shirt ITSF Bordeaux : T-shirt officiel de l&#039;ITSF, compos\u00e9 de coton et d&#039;\u00e9lasthanne, de couleur bordeaux. Commandez-le sur l&#039;ITSF Store !\" \/>\n<meta property=\"og:url\" content=\"https:\/\/shop.tablesoccer.org\/de\/produkt\/t-shirt-itsf-bordeaux-baby-foot\/\" \/>\n<meta property=\"og:site_name\" content=\"ITSF Boutique officielle\" \/>\n<meta property=\"article:modified_time\" content=\"2026-02-17T11:25:08+00:00\" \/>\n<meta property=\"og:image\" content=\"https:\/\/shop.tablesoccer.org\/wp-content\/uploads\/2023\/11\/tshirt_itsf_1_.jpg\" \/>\n\t<meta property=\"og:image:width\" content=\"1600\" \/>\n\t<meta property=\"og:image:height\" content=\"1697\" \/>\n\t<meta property=\"og:image:type\" content=\"image\/jpeg\" \/>\n<meta name=\"twitter:card\" content=\"summary_large_image\" \/>\n<meta name=\"twitter:label1\" content=\"Gesch\u00e4tzte Lesezeit\" \/>\n\t<meta name=\"twitter:data1\" content=\"1\u00a0Minute\" \/>\n<script type=\"application\/ld+json\" class=\"yoast-schema-graph\">{\"@context\":\"https:\/\/schema.org\",\"@graph\":[{\"@type\":\"WebPage\",\"@id\":\"https:\/\/shop.tablesoccer.org\/produit\/t-shirt-itsf-bordeaux-baby-foot\/\",\"url\":\"https:\/\/shop.tablesoccer.org\/produit\/t-shirt-itsf-bordeaux-baby-foot\/\",\"name\":\"T-Shirt baby-foot ITSF Bordeaux - ITSF Boutique officielle\",\"isPartOf\":{\"@id\":\"https:\/\/shop.tablesoccer.org\/#website\"},\"primaryImageOfPage\":{\"@id\":\"https:\/\/shop.tablesoccer.org\/produit\/t-shirt-itsf-bordeaux-baby-foot\/#primaryimage\"},\"image\":{\"@id\":\"https:\/\/shop.tablesoccer.org\/produit\/t-shirt-itsf-bordeaux-baby-foot\/#primaryimage\"},\"thumbnailUrl\":\"https:\/\/shop.tablesoccer.org\/wp-content\/uploads\/2023\/11\/tshirt_itsf_1_.jpg\",\"datePublished\":\"2023-12-21T13:40:03+00:00\",\"dateModified\":\"2026-02-17T11:25:08+00:00\",\"description\":\"T-shirt ITSF Bordeaux : T-shirt officiel de l'ITSF, compos\u00e9 de coton et d'\u00e9lasthanne, de couleur bordeaux. Commandez-le sur l'ITSF Store !\",\"breadcrumb\":{\"@id\":\"https:\/\/shop.tablesoccer.org\/produit\/t-shirt-itsf-bordeaux-baby-foot\/#breadcrumb\"},\"inLanguage\":\"de\",\"potentialAction\":[{\"@type\":\"ReadAction\",\"target\":[\"https:\/\/shop.tablesoccer.org\/produit\/t-shirt-itsf-bordeaux-baby-foot\/\"]}]},{\"@type\":\"ImageObject\",\"inLanguage\":\"de\",\"@id\":\"https:\/\/shop.tablesoccer.org\/produit\/t-shirt-itsf-bordeaux-baby-foot\/#primaryimage\",\"url\":\"https:\/\/shop.tablesoccer.org\/wp-content\/uploads\/2023\/11\/tshirt_itsf_1_.jpg\",\"contentUrl\":\"https:\/\/shop.tablesoccer.org\/wp-content\/uploads\/2023\/11\/tshirt_itsf_1_.jpg\",\"width\":1600,\"height\":1697},{\"@type\":\"BreadcrumbList\",\"@id\":\"https:\/\/shop.tablesoccer.org\/produit\/t-shirt-itsf-bordeaux-baby-foot\/#breadcrumb\",\"itemListElement\":[{\"@type\":\"ListItem\",\"position\":1,\"name\":\"Accueil\",\"item\":\"https:\/\/shop.tablesoccer.org\/\"},{\"@type\":\"ListItem\",\"position\":2,\"name\":\"Boutique\",\"item\":\"https:\/\/shop.tablesoccer.org\/accueil\/boutique\/\"},{\"@type\":\"ListItem\",\"position\":3,\"name\":\"T-Shirt baby-foot ITSF Bordeaux\"}]},{\"@type\":\"WebSite\",\"@id\":\"https:\/\/shop.tablesoccer.org\/#website\",\"url\":\"https:\/\/shop.tablesoccer.org\/\",\"name\":\"ITSF Boutique officielle\",\"description\":\"\",\"potentialAction\":[{\"@type\":\"SearchAction\",\"target\":{\"@type\":\"EntryPoint\",\"urlTemplate\":\"https:\/\/shop.tablesoccer.org\/?s={search_term_string}\"},\"query-input\":{\"@type\":\"PropertyValueSpecification\",\"valueRequired\":true,\"valueName\":\"search_term_string\"}}],\"inLanguage\":\"de\"}]}<\/script>\n<!-- \/ Yoast SEO plugin. -->","yoast_head_json":{"title":"T-Shirt baby-foot ITSF Bordeaux - ITSF Boutique officielle","description":"T-shirt ITSF Bordeaux : T-shirt officiel de l'ITSF, compos\u00e9 de coton et d'\u00e9lasthanne, de couleur bordeaux. Commandez-le sur l'ITSF Store !","robots":{"index":"index","follow":"follow","max-snippet":"max-snippet:-1","max-image-preview":"max-image-preview:large","max-video-preview":"max-video-preview:-1"},"canonical":"https:\/\/shop.tablesoccer.org\/de\/produkt\/t-shirt-itsf-bordeaux-baby-foot\/","og_locale":"de_DE","og_type":"article","og_title":"T-Shirt baby-foot ITSF Bordeaux - ITSF Boutique officielle","og_description":"T-shirt ITSF Bordeaux : T-shirt officiel de l'ITSF, compos\u00e9 de coton et d'\u00e9lasthanne, de couleur bordeaux. Commandez-le sur l'ITSF Store !","og_url":"https:\/\/shop.tablesoccer.org\/de\/produkt\/t-shirt-itsf-bordeaux-baby-foot\/","og_site_name":"ITSF Boutique officielle","article_modified_time":"2026-02-17T11:25:08+00:00","og_image":[{"width":1600,"height":1697,"url":"https:\/\/shop.tablesoccer.org\/wp-content\/uploads\/2023\/11\/tshirt_itsf_1_.jpg","type":"image\/jpeg"}],"twitter_card":"summary_large_image","twitter_misc":{"Gesch\u00e4tzte Lesezeit":"1\u00a0Minute"},"schema":{"@context":"https:\/\/schema.org","@graph":[{"@type":"WebPage","@id":"https:\/\/shop.tablesoccer.org\/produit\/t-shirt-itsf-bordeaux-baby-foot\/","url":"https:\/\/shop.tablesoccer.org\/produit\/t-shirt-itsf-bordeaux-baby-foot\/","name":"T-Shirt baby-foot ITSF Bordeaux - ITSF Boutique officielle","isPartOf":{"@id":"https:\/\/shop.tablesoccer.org\/#website"},"primaryImageOfPage":{"@id":"https:\/\/shop.tablesoccer.org\/produit\/t-shirt-itsf-bordeaux-baby-foot\/#primaryimage"},"image":{"@id":"https:\/\/shop.tablesoccer.org\/produit\/t-shirt-itsf-bordeaux-baby-foot\/#primaryimage"},"thumbnailUrl":"https:\/\/shop.tablesoccer.org\/wp-content\/uploads\/2023\/11\/tshirt_itsf_1_.jpg","datePublished":"2023-12-21T13:40:03+00:00","dateModified":"2026-02-17T11:25:08+00:00","description":"T-shirt ITSF Bordeaux : T-shirt officiel de l'ITSF, compos\u00e9 de coton et d'\u00e9lasthanne, de couleur bordeaux. Commandez-le sur l'ITSF Store !","breadcrumb":{"@id":"https:\/\/shop.tablesoccer.org\/produit\/t-shirt-itsf-bordeaux-baby-foot\/#breadcrumb"},"inLanguage":"de","potentialAction":[{"@type":"ReadAction","target":["https:\/\/shop.tablesoccer.org\/produit\/t-shirt-itsf-bordeaux-baby-foot\/"]}]},{"@type":"ImageObject","inLanguage":"de","@id":"https:\/\/shop.tablesoccer.org\/produit\/t-shirt-itsf-bordeaux-baby-foot\/#primaryimage","url":"https:\/\/shop.tablesoccer.org\/wp-content\/uploads\/2023\/11\/tshirt_itsf_1_.jpg","contentUrl":"https:\/\/shop.tablesoccer.org\/wp-content\/uploads\/2023\/11\/tshirt_itsf_1_.jpg","width":1600,"height":1697},{"@type":"BreadcrumbList","@id":"https:\/\/shop.tablesoccer.org\/produit\/t-shirt-itsf-bordeaux-baby-foot\/#breadcrumb","itemListElement":[{"@type":"ListItem","position":1,"name":"Accueil","item":"https:\/\/shop.tablesoccer.org\/"},{"@type":"ListItem","position":2,"name":"Boutique","item":"https:\/\/shop.tablesoccer.org\/accueil\/boutique\/"},{"@type":"ListItem","position":3,"name":"T-Shirt baby-foot ITSF Bordeaux"}]},{"@type":"WebSite","@id":"https:\/\/shop.tablesoccer.org\/#website","url":"https:\/\/shop.tablesoccer.org\/","name":"ITSF Boutique officielle","description":"","potentialAction":[{"@type":"SearchAction","target":{"@type":"EntryPoint","urlTemplate":"https:\/\/shop.tablesoccer.org\/?s={search_term_string}"},"query-input":{"@type":"PropertyValueSpecification","valueRequired":true,"valueName":"search_term_string"}}],"inLanguage":"de"}]}},"_links":{"self":[{"href":"https:\/\/shop.tablesoccer.org\/de\/wp-json\/wp\/v2\/product\/10122","targetHints":{"allow":["GET"]}}],"collection":[{"href":"https:\/\/shop.tablesoccer.org\/de\/wp-json\/wp\/v2\/product"}],"about":[{"href":"https:\/\/shop.tablesoccer.org\/de\/wp-json\/wp\/v2\/types\/product"}],"replies":[{"embeddable":true,"href":"https:\/\/shop.tablesoccer.org\/de\/wp-json\/wp\/v2\/comments?post=10122"}],"wp:featuredmedia":[{"embeddable":true,"href":"https:\/\/shop.tablesoccer.org\/de\/wp-json\/wp\/v2\/media\/9783"}],"wp:attachment":[{"href":"https:\/\/shop.tablesoccer.org\/de\/wp-json\/wp\/v2\/media?parent=10122"}],"wp:term":[{"taxonomy":"product_brand","embeddable":true,"href":"https:\/\/shop.tablesoccer.org\/de\/wp-json\/wp\/v2\/product_brand?post=10122"},{"taxonomy":"product_cat","embeddable":true,"href":"https:\/\/shop.tablesoccer.org\/de\/wp-json\/wp\/v2\/product_cat?post=10122"},{"taxonomy":"product_tag","embeddable":true,"href":"https:\/\/shop.tablesoccer.org\/de\/wp-json\/wp\/v2\/product_tag?post=10122"}],"curies":[{"name":"wp","href":"https:\/\/api.w.org\/{rel}","templated":true}]}}