{"id":9900,"date":"2023-11-27T11:04:22","date_gmt":"2023-11-27T10:04:22","guid":{"rendered":"https:\/\/shop.tablesoccer.org\/?page_id=9900"},"modified":"2024-05-15T11:40:20","modified_gmt":"2024-05-15T09:40:20","slug":"cgv","status":"publish","type":"page","link":"https:\/\/shop.tablesoccer.org\/de\/cgv\/","title":{"rendered":"Allgemeine Gesch\u00e4ftsbedingungen (AGB) f\u00fcr den Verkauf"},"content":{"rendered":"<h1>Allgemeine Gesch\u00e4ftsbedingungen (AGB) f\u00fcr den Verkauf<\/h1>\n<p><strong>Pr\u00e4ambel<\/strong><\/p>\n<p>Toute commande pass\u00e9e par l&rsquo;interm\u00e9diaire du site\u00a0<a href=\"https:\/\/shop.tablesoccer.org\/de\/\">shop.tablesoccer.org<\/a>\u00a0unterliegt diesen allgemeinen Verkaufsbedingungen.<\/p>\n<p>Diese sollen das Verkaufsregime und die daraus resultierenden Rechte und Pflichten definieren, insbesondere die Bestell-, Zahlungs-, Liefer- und gegebenenfalls R\u00fcckgabe-\/Umtauschbedingungen der vom Kunden gekauften Artikel.<\/p>\n<p>Jede Best\u00e4tigung einer Bestellung bedeutet die Akzeptanz dieser allgemeinen Verkaufsbedingungen.<\/p>\n<p>&nbsp;<\/p>\n<p><strong>ARTIKEL 1 \u2013 BESTELLUNG<\/strong><\/p>\n<p>Die Versandkosten werden gem\u00e4\u00df den aktuellen Tarifen berechnet. Bezahlt Bestellungen verpflichten den Kunden unwiderruflich.<\/p>\n<p>Vous devez v\u00e9rifier l&rsquo;exhaustivit\u00e9 et la conformit\u00e9 des renseignements que vous nous fournissez lors de la commande, notamment concernant l&rsquo;adresse de livraison.<\/p>\n<p>Nous ne pourrions \u00eatre tenus pour responsable d&rsquo;\u00e9ventuelles erreurs de saisie et des cons\u00e9quences qui en d\u00e9coulent (par exemple des retards ou des erreurs de livraisons). Dans ce contexte, les frais engag\u00e9s pour la r\u00e9exp\u00e9dition de la commande seraient \u00e0 votre charge.<\/p>\n<p>Toute commande pass\u00e9e aupr\u00e8s de TABLE SOCCER STORE vous sera valid\u00e9e avec l&rsquo;envoi d&rsquo;une confirmation de commande dans les meilleurs d\u00e9lais par e\u2010mail, si celui\u2010ci a \u00e9t\u00e9 correctement mentionn\u00e9 lors de la saisie de vos coordonn\u00e9es.<\/p>\n<p>Nous vous conseillons d\u2019enregistrer sur votre ordinateur ou d&rsquo;imprimer une copie du bon de commande jusqu&rsquo;\u00e0 la r\u00e9ception de cet e\u2010mail.<\/p>\n<p>&nbsp;<\/p>\n<p><strong>ARTIKEL 2 \u2013 PRODUKTE<\/strong><\/p>\n<p>Die zum Verkauf angebotenen Produkte werden so genau wie m\u00f6glich beschrieben und pr\u00e4sentiert, um Artikel L.111-1 des Verbrauchergesetzbuchs zu entsprechen. Sollte jedoch ein Fehler oder eine Auslassung in der Produktbeschreibung auftreten, kann TABLE SOCCER STORE nicht verantwortlich gemacht werden. Unsere Produktangebote gelten nur auf unserer Website.\u00a0<a href=\"https:\/\/shop.tablesoccer.org\/de\/\">shop.tablesoccer.org<\/a>\u00a0et dans la limite des stocks disponibles.<\/p>\n<p>Dans l&rsquo;\u00e9ventualit\u00e9 d&rsquo;une indisponibilit\u00e9 apr\u00e8s passage de la commande, nous informons le client par mail si celui\u2010ci a \u00e9t\u00e9 correctement mentionn\u00e9 lors de la saisie de vos coordonn\u00e9es.<\/p>\n<p>Le choix et l&rsquo;achat d&rsquo;un produit sont plac\u00e9s sous l&rsquo;unique responsabilit\u00e9 de l&rsquo;acheteur.<\/p>\n<p>Les photographies illustrant, \u00e0 l&rsquo;appui du texte, les produits n&rsquo;entrent pas dans le champ contractuel.<\/p>\n<p>&nbsp;<\/p>\n<p><strong>ARTIKEL 3 \u2013 PREISE<\/strong><\/p>\n<p>Les prix de vente sont exprim\u00e9s en Euros, hors taxes (\u20ac HT). La TVA n&rsquo;est pas applicable, suivant l&rsquo;article 293 B du Code G\u00e9n\u00e9ral des Imp\u00f4ts. Si notre franchise de TVA venait \u00e0 \u00eatre remise en cause, ce changement pourra \u00eatre r\u00e9percut\u00e9 sur le prix des articles sans que le client en soit pr\u00e9alablement inform\u00e9.<\/p>\n<p>Die Preise der Produkte k\u00f6nnen sich jederzeit je nach Preispolitik der Hersteller, Gro\u00dfh\u00e4ndler, Distributoren und TABLE SOCCER STORE \u00e4ndern.<\/p>\n<p>Der Verkaufspreis des Produkts bezieht sich auf den Preis ohne Lieferkosten.<\/p>\n<p>Die Versandkosten tr\u00e4gt der Kunde und werden zus\u00e4tzlich zum Verkaufspreis der Produkte berechnet. Die Versandkosten variieren je nach geografischer Lieferzone und Gewicht des Pakets. (z.B. Aufschlag aufgrund von Zollgeb\u00fchren, \u00f6rtlichen Steuern...)<\/p>\n<p>L&rsquo;acheteur sera toujours inform\u00e9 avant l&rsquo;enregistrement d\u00e9finitif de sa commande des frais de livraison li\u00e9s \u00e0 ladite commande (hors frais de d\u00e9douanement), et le paiement sera demand\u00e9 \u00e0 l&rsquo;acheteur pour le montant total de l&rsquo;achat, int\u00e9grant les prix des produits command\u00e9s plus les frais de livraison.<\/p>\n<p>Ainsi, la confirmation de la commande par l&rsquo;acheteur implique que ce dernier accepte de payer les frais de livraison aff\u00e9rents. Les frais de livraison ne peuvent donc constituer une raison valable de remise en cause de la commande apr\u00e8s son enregistrement d\u00e9finitif.<\/p>\n<p>&nbsp;<\/p>\n<p><strong>ARTIKEL 4 \u2013 LIEFERUNG<\/strong><\/p>\n<p>Verf\u00fcgbare Produkte werden innerhalb von maximal 2 Arbeitstagen (J+2) nach Eingang der Zahlung f\u00fcr die Bestellung vorbereitet. Die Fristen sind unverbindlich und gelten ab dem Versand des Pakets von unserem Hauptsitz.<\/p>\n<p>&nbsp;<\/p>\n<p><strong>ARTIKEL 5 \u2013 UMTAUSCH, R\u00dcCKGABE UND WIDERRUFSRECHT<\/strong><\/p>\n<p>Gem\u00e4\u00df Artikel L.121-1 des Verbrauchergesetzbuches haben Sie ab dem Datum des Erhalts Ihres Pakets 14 Tage Zeit, um die Produkte, die Ihren Erwartungen nicht entsprechen, zur\u00fcckzusenden, um sie umzutauschen oder eine R\u00fcckerstattung zu erhalten. Die R\u00fccksendekosten tr\u00e4gt der Kunde.<\/p>\n<p>Dazu m\u00fcssen Sie lediglich das folgende Verfahren befolgen:<\/p>\n<p>Die Produkt(e) m\u00fcssen in ihrer Originalverpackung verpackt werden. Erstellen Sie eine Kopie Ihrer Rechnung, markieren Sie die betreffenden Produkte und geben Sie bei Bedarf die gew\u00fcnschte Gr\u00f6\u00dfe der Produkte an, und legen Sie sie dem Paket bei.<\/p>\n<p>Nous renvoyer le tout en colis suivi \u00e0 l&rsquo;adresse suivante : ITSF &#8211; TABLE SOCCER STORE \u2010 3 Rue de Clermont \u2010 44000 NANTES<\/p>\n<p>Wenn all diese Bedingungen nicht erf\u00fcllt sind, werden die Produkte weder zur\u00fcckgenommen noch erstattet. Nach Erhalt Ihres Pakets werden wir den Umtausch vornehmen und Ihnen die gew\u00fcnschten Produkte zusenden.<\/p>\n<p>ACHTUNG :<\/p>\n<p>Personalisierte Artikel werden weder zur\u00fcckgenommen noch umgetauscht, au\u00dfer im Falle eines Fehlers von TABLE SOCCER STORE oder bei einem defekten Produkt. F\u00fcr jeden Artikel, der mit dem Grund 'defekt' zur\u00fcckgegeben wird, geben Sie bitte in einem separaten Schreiben die Art des festgestellten Defekts an.<\/p>\n<p>&nbsp;<\/p>\n<p><strong>ARTIKEL 6 \u2013 RECHTLICHE HINWEISE UND HAFTUNGEN<\/strong><\/p>\n<p>Haftungsausschluss: F\u00e4lle h\u00f6herer Gewalt.<\/p>\n<p>Est consid\u00e9r\u00e9 comme cas fortuit ou force majeure exon\u00e9ratoire de responsabilit\u00e9 tout fait ou circonstance irr\u00e9sistible, impr\u00e9visible et ind\u00e9pendant de la volont\u00e9 des parties. Dans de telles circonstances, un rapprochement est \u00e0 privil\u00e9gier afin d&rsquo;examiner l&rsquo;incidence de l&rsquo;\u00e9v\u00e9nement et de convenir des conditions dans lesquelles l&rsquo;ex\u00e9cution du contrat sera poursuivie.<\/p>\n<p>Port\u00e9e des pr\u00e9sentes conditions : l&rsquo;invalidation d&rsquo;une clause ne touche pas les autres.<\/p>\n<p>Si une ou plusieurs stipulations des pr\u00e9sentes conditions g\u00e9n\u00e9rales sont tenues pour non valides ou d\u00e9clar\u00e9es telles en application d&rsquo;une loi, d&rsquo;un r\u00e8glement ou \u00e0 la suite d&rsquo;une d\u00e9cision d\u00e9finitive d&rsquo;une juridiction comp\u00e9tente, les autres stipulations garderont toute leur force et leur port\u00e9e.<\/p>\n<p>&nbsp;<\/p>","protected":false},"excerpt":{"rendered":"<p>Conditions g\u00e9n\u00e9rales de vente (CGV) PREAMBULE Toute commande pass\u00e9e par l&rsquo;interm\u00e9diaire du site\u00a0shop.tablesoccer.org\u00a0sera soumise aux pr\u00e9sentes conditions g\u00e9n\u00e9rales de vente.<\/p>","protected":false},"author":1,"featured_media":0,"parent":0,"menu_order":0,"comment_status":"closed","ping_status":"closed","template":"","meta":{"footnotes":""},"class_list":["post-9900","page","type-page","status-publish","hentry"],"yoast_head":"<!-- This site is optimized with the Yoast SEO plugin v26.5 - https:\/\/yoast.com\/wordpress\/plugins\/seo\/ -->\n<title>Conditions g\u00e9n\u00e9rales de vente (CGV) - ITSF Boutique officielle<\/title>\n<meta name=\"description\" content=\"Retrouvez-ici les conditions g\u00e9n\u00e9rales de vente de l&#039;ITSF Store.\" \/>\n<meta name=\"robots\" content=\"index, follow, max-snippet:-1, max-image-preview:large, max-video-preview:-1\" \/>\n<link rel=\"canonical\" href=\"https:\/\/shop.tablesoccer.org\/de\/cgv\/\" \/>\n<meta property=\"og:locale\" content=\"de_DE\" \/>\n<meta property=\"og:type\" content=\"article\" \/>\n<meta property=\"og:title\" content=\"Conditions g\u00e9n\u00e9rales de vente (CGV) - ITSF Boutique officielle\" \/>\n<meta property=\"og:description\" content=\"Retrouvez-ici les conditions g\u00e9n\u00e9rales de vente de l&#039;ITSF Store.\" \/>\n<meta property=\"og:url\" content=\"https:\/\/shop.tablesoccer.org\/de\/cgv\/\" \/>\n<meta property=\"og:site_name\" content=\"ITSF Boutique officielle\" \/>\n<meta property=\"article:modified_time\" content=\"2024-05-15T09:40:20+00:00\" \/>\n<meta name=\"twitter:card\" content=\"summary_large_image\" \/>\n<meta name=\"twitter:label1\" content=\"Gesch\u00e4tzte Lesezeit\" \/>\n\t<meta name=\"twitter:data1\" content=\"5\u00a0Minuten\" \/>\n<script type=\"application\/ld+json\" class=\"yoast-schema-graph\">{\"@context\":\"https:\/\/schema.org\",\"@graph\":[{\"@type\":\"WebPage\",\"@id\":\"https:\/\/shop.tablesoccer.org\/cgv\/\",\"url\":\"https:\/\/shop.tablesoccer.org\/cgv\/\",\"name\":\"Conditions g\u00e9n\u00e9rales de vente (CGV) - ITSF Boutique officielle\",\"isPartOf\":{\"@id\":\"https:\/\/shop.tablesoccer.org\/#website\"},\"datePublished\":\"2023-11-27T10:04:22+00:00\",\"dateModified\":\"2024-05-15T09:40:20+00:00\",\"description\":\"Retrouvez-ici les conditions g\u00e9n\u00e9rales de vente de l'ITSF Store.\",\"breadcrumb\":{\"@id\":\"https:\/\/shop.tablesoccer.org\/cgv\/#breadcrumb\"},\"inLanguage\":\"de\",\"potentialAction\":[{\"@type\":\"ReadAction\",\"target\":[\"https:\/\/shop.tablesoccer.org\/cgv\/\"]}]},{\"@type\":\"BreadcrumbList\",\"@id\":\"https:\/\/shop.tablesoccer.org\/cgv\/#breadcrumb\",\"itemListElement\":[{\"@type\":\"ListItem\",\"position\":1,\"name\":\"Accueil\",\"item\":\"https:\/\/shop.tablesoccer.org\/\"},{\"@type\":\"ListItem\",\"position\":2,\"name\":\"Conditions g\u00e9n\u00e9rales de vente (CGV)\"}]},{\"@type\":\"WebSite\",\"@id\":\"https:\/\/shop.tablesoccer.org\/#website\",\"url\":\"https:\/\/shop.tablesoccer.org\/\",\"name\":\"ITSF Boutique officielle\",\"description\":\"\",\"potentialAction\":[{\"@type\":\"SearchAction\",\"target\":{\"@type\":\"EntryPoint\",\"urlTemplate\":\"https:\/\/shop.tablesoccer.org\/?s={search_term_string}\"},\"query-input\":{\"@type\":\"PropertyValueSpecification\",\"valueRequired\":true,\"valueName\":\"search_term_string\"}}],\"inLanguage\":\"de\"}]}<\/script>\n<!-- \/ Yoast SEO plugin. -->","yoast_head_json":{"title":"Conditions g\u00e9n\u00e9rales de vente (CGV) - ITSF Boutique officielle","description":"Retrouvez-ici les conditions g\u00e9n\u00e9rales de vente de l'ITSF Store.","robots":{"index":"index","follow":"follow","max-snippet":"max-snippet:-1","max-image-preview":"max-image-preview:large","max-video-preview":"max-video-preview:-1"},"canonical":"https:\/\/shop.tablesoccer.org\/de\/cgv\/","og_locale":"de_DE","og_type":"article","og_title":"Conditions g\u00e9n\u00e9rales de vente (CGV) - ITSF Boutique officielle","og_description":"Retrouvez-ici les conditions g\u00e9n\u00e9rales de vente de l'ITSF Store.","og_url":"https:\/\/shop.tablesoccer.org\/de\/cgv\/","og_site_name":"ITSF Boutique officielle","article_modified_time":"2024-05-15T09:40:20+00:00","twitter_card":"summary_large_image","twitter_misc":{"Gesch\u00e4tzte Lesezeit":"5\u00a0Minuten"},"schema":{"@context":"https:\/\/schema.org","@graph":[{"@type":"WebPage","@id":"https:\/\/shop.tablesoccer.org\/cgv\/","url":"https:\/\/shop.tablesoccer.org\/cgv\/","name":"Conditions g\u00e9n\u00e9rales de vente (CGV) - ITSF Boutique officielle","isPartOf":{"@id":"https:\/\/shop.tablesoccer.org\/#website"},"datePublished":"2023-11-27T10:04:22+00:00","dateModified":"2024-05-15T09:40:20+00:00","description":"Retrouvez-ici les conditions g\u00e9n\u00e9rales de vente de l'ITSF Store.","breadcrumb":{"@id":"https:\/\/shop.tablesoccer.org\/cgv\/#breadcrumb"},"inLanguage":"de","potentialAction":[{"@type":"ReadAction","target":["https:\/\/shop.tablesoccer.org\/cgv\/"]}]},{"@type":"BreadcrumbList","@id":"https:\/\/shop.tablesoccer.org\/cgv\/#breadcrumb","itemListElement":[{"@type":"ListItem","position":1,"name":"Accueil","item":"https:\/\/shop.tablesoccer.org\/"},{"@type":"ListItem","position":2,"name":"Conditions g\u00e9n\u00e9rales de vente (CGV)"}]},{"@type":"WebSite","@id":"https:\/\/shop.tablesoccer.org\/#website","url":"https:\/\/shop.tablesoccer.org\/","name":"ITSF Boutique officielle","description":"","potentialAction":[{"@type":"SearchAction","target":{"@type":"EntryPoint","urlTemplate":"https:\/\/shop.tablesoccer.org\/?s={search_term_string}"},"query-input":{"@type":"PropertyValueSpecification","valueRequired":true,"valueName":"search_term_string"}}],"inLanguage":"de"}]}},"_links":{"self":[{"href":"https:\/\/shop.tablesoccer.org\/de\/wp-json\/wp\/v2\/pages\/9900","targetHints":{"allow":["GET"]}}],"collection":[{"href":"https:\/\/shop.tablesoccer.org\/de\/wp-json\/wp\/v2\/pages"}],"about":[{"href":"https:\/\/shop.tablesoccer.org\/de\/wp-json\/wp\/v2\/types\/page"}],"author":[{"embeddable":true,"href":"https:\/\/shop.tablesoccer.org\/de\/wp-json\/wp\/v2\/users\/1"}],"replies":[{"embeddable":true,"href":"https:\/\/shop.tablesoccer.org\/de\/wp-json\/wp\/v2\/comments?post=9900"}],"version-history":[{"count":4,"href":"https:\/\/shop.tablesoccer.org\/de\/wp-json\/wp\/v2\/pages\/9900\/revisions"}],"predecessor-version":[{"id":9926,"href":"https:\/\/shop.tablesoccer.org\/de\/wp-json\/wp\/v2\/pages\/9900\/revisions\/9926"}],"wp:attachment":[{"href":"https:\/\/shop.tablesoccer.org\/de\/wp-json\/wp\/v2\/media?parent=9900"}],"curies":[{"name":"wp","href":"https:\/\/api.w.org\/{rel}","templated":true}]}}